{"id":859,"date":"2026-04-09T15:47:16","date_gmt":"2026-04-09T15:47:16","guid":{"rendered":"https:\/\/iszbjg1yp8.onrocket.site\/?page_id=859"},"modified":"2026-04-09T15:52:06","modified_gmt":"2026-04-09T15:52:06","slug":"livraison","status":"publish","type":"page","link":"https:\/\/azentraresearchlabs.com\/fr\/shipping-delivery\/","title":{"rendered":"Exp\u00e9dition et livraison"},"content":{"rendered":"<div class=\"wp-block-wd-section color-scheme-light wd-00a649e0\">\n<div class=\"wp-block-wd-infobox wd-hover-parent wd-align wd-icon-top wd-97c1e16c\">\n<div class=\"wp-block-wd-icon wd-da2fe74c\"><img loading=\"lazy\" decoding=\"async\" width=\"569\" height=\"568\" class=\"wp-image-121\" src=\"https:\/\/azentraresearchlabs.com\/wp-content\/uploads\/2026\/03\/Azentra-White-Logo-Transparent.png\" alt=\"\" srcset=\"https:\/\/azentraresearchlabs.com\/wp-content\/uploads\/2026\/03\/Azentra-White-Logo-Transparent.png 569w, https:\/\/azentraresearchlabs.com\/wp-content\/uploads\/2026\/03\/Azentra-White-Logo-Transparent-150x150.png 150w, https:\/\/azentraresearchlabs.com\/wp-content\/uploads\/2026\/03\/Azentra-White-Logo-Transparent-300x300.png 300w\" sizes=\"auto, (max-width: 569px) 100vw, 569px\" \/><\/div>\n\n\n\n<div class=\"wp-block-wd-container wd-dir-col wd-d783ab75\">\n<h1 class=\"wp-block-wd-title title wd-6385af35\">Exp\u00e9dition et livraison<\/h1>\n<\/div>\n<\/div>\n<\/div>\n\n\n\n<p>Nous assurons des exp\u00e9ditions s\u00e9curis\u00e9es et fiables dans certains pays europ\u00e9ens, notamment la France, les Pays-Bas, l'Allemagne et l'Espagne. Les commandes sont trait\u00e9es avec soin et exp\u00e9di\u00e9es par l'interm\u00e9diaire de partenaires logistiques de confiance afin de garantir une exp\u00e9rience de livraison fluide.<\/p> <h3>Temps de traitement<\/h3> <p>Les commandes sont g\u00e9n\u00e9ralement trait\u00e9es dans un d\u00e9lai de 1 jour ouvrable apr\u00e8s confirmation du paiement. Les commandes pass\u00e9es le week-end ou les jours f\u00e9ri\u00e9s seront trait\u00e9es le jour ouvrable suivant.<\/p> <h3>D\u00e9lais de livraison estim\u00e9s<\/h3> <p>France : 1\u20133\u00a0jours ouvrables<\/p> <p>Pays-Bas : 1\u20133 jours ouvrables<\/p> <p>Allemagne : 1\u20133 jours ouvrables<\/p> <p>Espagne : 1\u20133 jours ouvrables<\/p> <p>Les d\u00e9lais de livraison sont constants dans tous les pays pris en charge et peuvent varier l\u00e9g\u00e8rement en raison des op\u00e9rations du transporteur ou de la demande saisonni\u00e8re.<\/p> <h3>Frais de port<\/h3> <p>Commandes d'un seul stylo : frais de livraison de 9,99 \u20ac<\/p> <p>Commandes de plus d'un stylo : frais de livraison de 19,99 \u20ac<\/p> <p>Les frais de port sont fixes en fonction de la quantit\u00e9 de la commande.<\/p> <h3>Informations de suivi<\/h3> <p>Une fois votre commande exp\u00e9di\u00e9e, les informations de suivi peuvent \u00eatre fournies par e-mail, vous permettant de suivre votre envoi tout au long du processus de livraison.<\/p> <h3>Notes de livraison<\/h3> <p>Veuillez vous assurer que vos informations d'exp\u00e9dition sont exactes et compl\u00e8tes. Nous ne sommes pas responsables des retards ou des probl\u00e8mes de livraison caus\u00e9s par des informations d'adresse incorrectes. Les d\u00e9lais de livraison sont des estimations et peuvent \u00eatre affect\u00e9s par des facteurs li\u00e9s au transporteur.<\/p> <h3>Avis de conformit\u00e9<\/h3> <p>Les produits propos\u00e9s sont destin\u00e9s exclusivement \u00e0 la recherche et \u00e0 un usage en laboratoire. Ils ne sont pas destin\u00e9s \u00e0 la consommation humaine ou \u00e0 un usage m\u00e9dical. Les clients sont responsables de s'assurer que leurs achats sont conformes aux lois et r\u00e9glementations locales en vigueur dans leur pays avant de passer commande.<\/p>","protected":false},"excerpt":{"rendered":"<p>We provide secure and reliable shipping across selected European countries, including France, the Netherlands, Germany, and Spain. Orders are handled<\/p>","protected":false},"author":1,"featured_media":0,"parent":0,"menu_order":0,"comment_status":"closed","ping_status":"closed","template":"","meta":{"footnotes":""},"class_list":["post-859","page","type-page","status-publish","hentry"],"_links":{"self":[{"href":"https:\/\/azentraresearchlabs.com\/fr\/wp-json\/wp\/v2\/pages\/859","targetHints":{"allow":["GET"]}}],"collection":[{"href":"https:\/\/azentraresearchlabs.com\/fr\/wp-json\/wp\/v2\/pages"}],"about":[{"href":"https:\/\/azentraresearchlabs.com\/fr\/wp-json\/wp\/v2\/types\/page"}],"author":[{"embeddable":true,"href":"https:\/\/azentraresearchlabs.com\/fr\/wp-json\/wp\/v2\/users\/1"}],"replies":[{"embeddable":true,"href":"https:\/\/azentraresearchlabs.com\/fr\/wp-json\/wp\/v2\/comments?post=859"}],"version-history":[{"count":4,"href":"https:\/\/azentraresearchlabs.com\/fr\/wp-json\/wp\/v2\/pages\/859\/revisions"}],"predecessor-version":[{"id":864,"href":"https:\/\/azentraresearchlabs.com\/fr\/wp-json\/wp\/v2\/pages\/859\/revisions\/864"}],"wp:attachment":[{"href":"https:\/\/azentraresearchlabs.com\/fr\/wp-json\/wp\/v2\/media?parent=859"}],"curies":[{"name":"wp","href":"https:\/\/api.w.org\/{rel}","templated":true}]}}