{"id":761,"date":"2026-04-04T08:07:03","date_gmt":"2026-04-04T08:07:03","guid":{"rendered":"https:\/\/iszbjg1yp8.onrocket.site\/?page_id=761"},"modified":"2026-04-14T14:52:29","modified_gmt":"2026-04-14T14:52:29","slug":"questions-frequemment-posees","status":"publish","type":"page","link":"https:\/\/azentraresearchlabs.com\/fr\/frequently-asked-questions\/","title":{"rendered":"Foire Aux Questions"},"content":{"rendered":"<div class=\"wp-block-wd-section color-scheme-light wd-00a649e0\">\n<div class=\"wp-block-wd-infobox wd-hover-parent wd-align wd-icon-top wd-97c1e16c\">\n<div class=\"wp-block-wd-icon wd-da2fe74c\"><img loading=\"lazy\" decoding=\"async\" width=\"569\" height=\"568\" class=\"wp-image-121\" src=\"https:\/\/azentraresearchlabs.com\/wp-content\/uploads\/2026\/03\/Azentra-White-Logo-Transparent.png\" alt=\"\" srcset=\"https:\/\/azentraresearchlabs.com\/wp-content\/uploads\/2026\/03\/Azentra-White-Logo-Transparent.png 569w, https:\/\/azentraresearchlabs.com\/wp-content\/uploads\/2026\/03\/Azentra-White-Logo-Transparent-150x150.png 150w, https:\/\/azentraresearchlabs.com\/wp-content\/uploads\/2026\/03\/Azentra-White-Logo-Transparent-300x300.png 300w\" sizes=\"auto, (max-width: 569px) 100vw, 569px\" \/><\/div>\n\n\n\n<div class=\"wp-block-wd-container wd-dir-col wd-d783ab75\">\n<h1 class=\"wp-block-wd-title title wd-6385af35\">Foire Aux Questions<\/h1>\n<\/div>\n<\/div>\n<\/div>\n\n\n\n<p class=\"wp-block-wd-paragraph wd-c1ff3c1a\">Trouvez des r\u00e9ponses aux questions courantes concernant nos peptides de recherche, leur utilisation en laboratoire et nos processus g\u00e9n\u00e9raux. Cette section est con\u00e7ue pour fournir des directives claires et informatives afin de vous aider \u00e0 mieux comprendre nos produits, leur d\u00e9veloppement et leur utilisation pr\u00e9vue dans des environnements de recherche contr\u00f4l\u00e9s. Elle pr\u00e9sente \u00e9galement des informations cl\u00e9s pour une meilleure compr\u00e9hension globale de notre approche ax\u00e9e sur la recherche.<\/p>\n\n\n\n<div class=\"wp-block-wd-accordion wd-accordion wd-style-shadow wd-titles-start wd-opener-style-arrow wd-opener-pos-end wd-041ad924\" data-state=\"first\">\n<div class=\"wp-block-wd-accordion-pane wd-accordion-item wd-0339a2b9\"><div class=\"wd-accordion-title wd-role-btn wd-active\" tabindex=\"0\"><div class=\"wd-accordion-title-text\"><span>Que sont les peptides ?<\/span><\/div><span class=\"wd-accordion-opener\"><\/span><\/div><div class=\"wd-accordion-content wd-active\"><div class=\"wd-accordion-content-inner\">\n<p class=\"wp-block-wd-paragraph wd-424185c0\">Les peptides sont de courtes cha\u00eenes d'acides amin\u00e9s qui jouent un r\u00f4le dans divers processus biologiques. En milieu de recherche, ils sont couramment \u00e9tudi\u00e9s pour leur implication dans l'activit\u00e9 cellulaire, la signalisation et les voies de r\u00e9gulation.<\/p>\n<\/div><\/div><\/div>\n\n\n\n<div class=\"wp-block-wd-accordion-pane wd-accordion-item wd-d021bc03\"><div class=\"wd-accordion-title wd-role-btn\" tabindex=\"0\"><div class=\"wd-accordion-title-text\"><span>Que sont les peptides de recherche ?<\/span><\/div><span class=\"wd-accordion-opener\"><\/span><\/div><div class=\"wd-accordion-content\"><div class=\"wd-accordion-content-inner\">\n<p class=\"wp-block-wd-paragraph wd-feaaa849\">Les peptides de recherche sont des compos\u00e9s d\u00e9velopp\u00e9s pour \u00eatre utilis\u00e9s dans des environnements de laboratoire contr\u00f4l\u00e9s. Ils sont utilis\u00e9s dans des \u00e9tudes scientifiques pour explorer les syst\u00e8mes biologiques, les interactions mol\u00e9culaires et les processus cellulaires.<\/p>\n<\/div><\/div><\/div>\n\n\n\n<div class=\"wp-block-wd-accordion-pane wd-accordion-item wd-16338f80\"><div class=\"wd-accordion-title wd-role-btn\" tabindex=\"0\"><div class=\"wd-accordion-title-text\"><span>Quel est l'objectif de la recherche sur les peptides ?<\/span><\/div><span class=\"wd-accordion-opener\"><\/span><\/div><div class=\"wd-accordion-content\"><div class=\"wd-accordion-content-inner\">\n<p class=\"wp-block-wd-paragraph wd-a28cef51\">La recherche sur les peptides se concentre sur la compr\u00e9hension de la mani\u00e8re dont les peptides interagissent au sein des syst\u00e8mes biologiques. Cela inclut l'\u00e9tude de la fonction m\u00e9tabolique, de la communication cellulaire et des m\u00e9canismes de r\u00e9gulation dans des conditions contr\u00f4l\u00e9es.<\/p>\n<\/div><\/div><\/div>\n\n\n\n<div class=\"wp-block-wd-accordion-pane wd-accordion-item wd-40cb0b9c\"><div class=\"wd-accordion-title wd-role-btn\" tabindex=\"0\"><div class=\"wd-accordion-title-text\"><span>Vos produits sont-ils sans danger pour l'utilisation ?<\/span><\/div><span class=\"wd-accordion-opener\"><\/span><\/div><div class=\"wd-accordion-content\"><div class=\"wd-accordion-content-inner\">\n<p class=\"wp-block-wd-paragraph wd-746b2f6f\">Nos produits sont d\u00e9velopp\u00e9s strictement \u00e0 des fins de recherche en laboratoire et sont destin\u00e9s \u00e0 \u00eatre utilis\u00e9s dans des environnements de recherche contr\u00f4l\u00e9s.<\/p>\n<\/div><\/div><\/div>\n\n\n\n<div class=\"wp-block-wd-accordion-pane wd-accordion-item wd-c14e4642\"><div class=\"wd-accordion-title wd-role-btn\" tabindex=\"0\"><div class=\"wd-accordion-title-text\"><span>Comment vos peptides sont-ils produits ?<\/span><\/div><span class=\"wd-accordion-opener\"><\/span><\/div><div class=\"wd-accordion-content\"><div class=\"wd-accordion-content-inner\">\n<p class=\"wp-block-wd-paragraph wd-fd5d2194\">Nos peptides sont synth\u00e9tis\u00e9s selon des processus contr\u00f4l\u00e9s et soumis \u00e0 des mesures de qualit\u00e9 structur\u00e9es pour garantir la coh\u00e9rence, la puret\u00e9 et la fiabilit\u00e9 des applications de recherche.<\/p>\n<\/div><\/div><\/div>\n\n\n\n<div class=\"wp-block-wd-accordion-pane wd-accordion-item wd-f02dd02d\"><div class=\"wd-accordion-title wd-role-btn\" tabindex=\"0\"><div class=\"wd-accordion-title-text\"><span>O\u00f9 puis-je voir vos produits disponibles ?<\/span><\/div><span class=\"wd-accordion-opener\"><\/span><\/div><div class=\"wd-accordion-content\"><div class=\"wd-accordion-content-inner\">\n<p class=\"wp-block-wd-paragraph wd-cf323c29\">Vous pouvez explorer notre gamme compl\u00e8te de compos\u00e9s de recherche en visitant notre <a href=\"https:\/\/azentraresearchlabs.com\/fr\/catalogue-de-peptides\/\" data-type=\"page\" data-id=\"656\">page du catalogue de peptides.<\/a><\/p>\n<\/div><\/div><\/div>\n\n\n\n<div class=\"wp-block-wd-accordion-pane wd-accordion-item wd-8520c6ae\"><div class=\"wd-accordion-title wd-role-btn\" tabindex=\"0\"><div class=\"wd-accordion-title-text\"><span>Offrez-vous la livraison dans mon pays ?<\/span><\/div><span class=\"wd-accordion-opener\"><\/span><\/div><div class=\"wd-accordion-content\"><div class=\"wd-accordion-content-inner\">\n<p class=\"wp-block-wd-paragraph wd-f2759ac5\">Nous assurons actuellement des exp\u00e9ditions s\u00e9curis\u00e9es et fiables dans certains pays europ\u00e9ens, notamment la France, les Pays-Bas, l'Allemagne et l'Espagne. Les commandes sont trait\u00e9es avec soin et exp\u00e9di\u00e9es par le biais de partenaires logistiques de confiance afin de garantir une exp\u00e9rience de livraison fluide.<\/p>\n<\/div><\/div><\/div>\n\n\n\n<div class=\"wp-block-wd-accordion-pane wd-accordion-item wd-7ef2f9bf\"><div class=\"wd-accordion-title wd-role-btn\" tabindex=\"0\"><div class=\"wd-accordion-title-text\"><span>Combien de temps prend le traitement des commandes ?<\/span><\/div><span class=\"wd-accordion-opener\"><\/span><\/div><div class=\"wd-accordion-content\"><div class=\"wd-accordion-content-inner\">\n<p class=\"wp-block-wd-paragraph wd-25ab64f6\">Les commandes sont g\u00e9n\u00e9ralement trait\u00e9es dans un d\u00e9lai de 1 jour ouvrable apr\u00e8s confirmation du paiement. Les commandes pass\u00e9es le week-end ou les jours f\u00e9ri\u00e9s seront trait\u00e9es le jour ouvrable suivant.<\/p>\n<\/div><\/div><\/div>\n\n\n\n<div class=\"wp-block-wd-accordion-pane wd-accordion-item wd-811d039e\"><div class=\"wd-accordion-title wd-role-btn\" tabindex=\"0\"><div class=\"wd-accordion-title-text\"><span>Combien de temps prend la livraison ?<\/span><\/div><span class=\"wd-accordion-opener\"><\/span><\/div><div class=\"wd-accordion-content\"><div class=\"wd-accordion-content-inner\">\n<p class=\"wp-block-wd-paragraph wd-b45acd66\">Le d\u00e9lai de livraison estim\u00e9 est <strong>1 \u00e0 3 jours ouvrables<\/strong> pour tous les pays pris en charge, y compris la France, les Pays-Bas, l'Allemagne et l'Espagne. Les d\u00e9lais de livraison sont g\u00e9n\u00e9ralement constants mais peuvent varier l\u00e9g\u00e8rement en fonction des op\u00e9rations des coursiers ou de la demande saisonni\u00e8re.<\/p>\n<\/div><\/div><\/div>\n\n\n\n<div class=\"wp-block-wd-accordion-pane wd-accordion-item wd-65afdb54\"><div class=\"wd-accordion-title wd-role-btn\" tabindex=\"0\"><div class=\"wd-accordion-title-text\"><span>Combien co\u00fbte la livraison ?<\/span><\/div><span class=\"wd-accordion-opener\"><\/span><\/div><div class=\"wd-accordion-content\"><div class=\"wd-accordion-content-inner\">\n<p class=\"wp-block-wd-paragraph wd-56a54940\">Les frais d'exp\u00e9dition sont fixes en fonction du nombre de commandes :<\/p>\n\n\n\n<ul class=\"wp-block-wd-list wd-list wd-type-unordered wd-style-default wd-ce7f3087\">\n<li class=\"wp-block-wd-list-item wd-3d2caab5\"><div class=\"wd-icon\"><\/div><span class=\"wd-list-content\">Commandes d'un seul stylo : 9,99 \u20ac<\/span><\/li>\n\n\n\n<li class=\"wp-block-wd-list-item wd-fa64474f\"><div class=\"wd-icon\"><\/div><span class=\"wd-list-content\">Commandes avec plus d'un stylo : 19,99 \u20ac<\/span><\/li>\n<\/ul>\n<\/div><\/div><\/div>\n\n\n\n<div class=\"wp-block-wd-accordion-pane wd-accordion-item wd-c8466156\"><div class=\"wd-accordion-title wd-role-btn\" tabindex=\"0\"><div class=\"wd-accordion-title-text\"><span>Recevrai-je des informations de suivi ?<\/span><\/div><span class=\"wd-accordion-opener\"><\/span><\/div><div class=\"wd-accordion-content\"><div class=\"wd-accordion-content-inner\">\n<p class=\"wp-block-wd-paragraph wd-00f9cad8\">Oui, une fois votre commande exp\u00e9di\u00e9e, les informations de suivi peuvent \u00eatre fournies par courriel afin que vous puissiez suivre votre envoi tout au long du processus de livraison.<\/p>\n<\/div><\/div><\/div>\n\n\n\n<div class=\"wp-block-wd-accordion-pane wd-accordion-item wd-895cf7a5\"><div class=\"wd-accordion-title wd-role-btn\" tabindex=\"0\"><div class=\"wd-accordion-title-text\"><span>Que dois-je v\u00e9rifier avant de passer une commande ?<\/span><\/div><span class=\"wd-accordion-opener\"><\/span><\/div><div class=\"wd-accordion-content\"><div class=\"wd-accordion-content-inner\">\n<p class=\"wp-block-wd-paragraph wd-c99b4bb1\">Veuillez vous assurer que vos informations d'exp\u00e9dition sont exactes et compl\u00e8tes. Nous ne sommes pas responsables des retards ou des probl\u00e8mes de livraison caus\u00e9s par des informations d'adresse incorrectes. Les d\u00e9lais de livraison sont des estimations et peuvent \u00eatre affect\u00e9s par des facteurs li\u00e9s au transporteur.<\/p>\n<\/div><\/div><\/div>\n\n\n\n<div class=\"wp-block-wd-accordion-pane wd-accordion-item wd-9b567426\"><div class=\"wd-accordion-title wd-role-btn\" tabindex=\"0\"><div class=\"wd-accordion-title-text\"><span>Y a-t-il des exigences de conformit\u00e9 pour la commande ?<\/span><\/div><span class=\"wd-accordion-opener\"><\/span><\/div><div class=\"wd-accordion-content\"><div class=\"wd-accordion-content-inner\">\n<p class=\"wp-block-wd-paragraph wd-5c3f58d4\">Tous les produits sont destin\u00e9s exclusivement \u00e0 la recherche et \u00e0 l'usage en laboratoire. Ils ne sont pas destin\u00e9s \u00e0 la consommation humaine ou \u00e0 un usage m\u00e9dical. Les clients sont responsables de s'assurer que leur achat est conforme aux lois et r\u00e8glements locaux avant de passer une commande.<\/p>\n<\/div><\/div><\/div>\n<\/div>\n\n\n\n<div class=\"wp-block-wd-divider wd-style-line wd-8859b643\"><\/div>\n\n\n\n<p class=\"wp-block-wd-paragraph wd-aa67a6df\"><strong><em>Tous les produits sont destin\u00e9s \u00e0 des fins de recherche en laboratoire uniquement.<\/em><\/strong><\/p>","protected":false},"excerpt":{"rendered":"","protected":false},"author":1,"featured_media":0,"parent":0,"menu_order":0,"comment_status":"closed","ping_status":"closed","template":"","meta":{"footnotes":""},"class_list":["post-761","page","type-page","status-publish","hentry"],"_links":{"self":[{"href":"https:\/\/azentraresearchlabs.com\/fr\/wp-json\/wp\/v2\/pages\/761","targetHints":{"allow":["GET"]}}],"collection":[{"href":"https:\/\/azentraresearchlabs.com\/fr\/wp-json\/wp\/v2\/pages"}],"about":[{"href":"https:\/\/azentraresearchlabs.com\/fr\/wp-json\/wp\/v2\/types\/page"}],"author":[{"embeddable":true,"href":"https:\/\/azentraresearchlabs.com\/fr\/wp-json\/wp\/v2\/users\/1"}],"replies":[{"embeddable":true,"href":"https:\/\/azentraresearchlabs.com\/fr\/wp-json\/wp\/v2\/comments?post=761"}],"version-history":[{"count":8,"href":"https:\/\/azentraresearchlabs.com\/fr\/wp-json\/wp\/v2\/pages\/761\/revisions"}],"predecessor-version":[{"id":885,"href":"https:\/\/azentraresearchlabs.com\/fr\/wp-json\/wp\/v2\/pages\/761\/revisions\/885"}],"wp:attachment":[{"href":"https:\/\/azentraresearchlabs.com\/fr\/wp-json\/wp\/v2\/media?parent=761"}],"curies":[{"name":"wp","href":"https:\/\/api.w.org\/{rel}","templated":true}]}}