{"id":445,"date":"2026-03-30T07:43:39","date_gmt":"2026-03-30T07:43:39","guid":{"rendered":"https:\/\/iszbjg1yp8.onrocket.site\/?page_id=445"},"modified":"2026-04-14T14:58:38","modified_gmt":"2026-04-14T14:58:38","slug":"a-propos","status":"publish","type":"page","link":"https:\/\/azentraresearchlabs.com\/fr\/about\/","title":{"rendered":"\u00c0 propos"},"content":{"rendered":"<div class=\"wp-block-wd-section color-scheme-light wd-00a649e0\">\n<div class=\"wp-block-wd-infobox wd-hover-parent wd-align wd-icon-top wd-97c1e16c\">\n<div class=\"wp-block-wd-icon wd-da2fe74c\"><img loading=\"lazy\" decoding=\"async\" width=\"569\" height=\"568\" class=\"wp-image-121\" src=\"https:\/\/azentraresearchlabs.com\/wp-content\/uploads\/2026\/03\/Azentra-White-Logo-Transparent.png\" alt=\"\" srcset=\"https:\/\/azentraresearchlabs.com\/wp-content\/uploads\/2026\/03\/Azentra-White-Logo-Transparent.png 569w, https:\/\/azentraresearchlabs.com\/wp-content\/uploads\/2026\/03\/Azentra-White-Logo-Transparent-150x150.png 150w, https:\/\/azentraresearchlabs.com\/wp-content\/uploads\/2026\/03\/Azentra-White-Logo-Transparent-300x300.png 300w\" sizes=\"auto, (max-width: 569px) 100vw, 569px\" \/><\/div>\n\n\n\n<div class=\"wp-block-wd-container wd-dir-col wd-d783ab75\">\n<h1 class=\"wp-block-wd-title title wd-6385af35\">\u00c0 propos d'Azentra<\/h1>\n<\/div>\n<\/div>\n<\/div>\n\n\n\n<div class=\"wp-block-wd-row wd-d76f1e74\">\n<div class=\"wp-block-wd-column wd-d2a1361a\">\n<div class=\"wp-block-wd-cover wd-hover-parent wd-f4fbfa6f\"><div class=\"wd-block-cover-img\"><img loading=\"lazy\" decoding=\"async\" width=\"1024\" height=\"683\" src=\"https:\/\/azentraresearchlabs.com\/wp-content\/uploads\/2026\/03\/Azentra-Laboratories-Office.webp\" class=\"wp-image-456\" alt=\"\" srcset=\"https:\/\/azentraresearchlabs.com\/wp-content\/uploads\/2026\/03\/Azentra-Laboratories-Office.webp 1024w, https:\/\/azentraresearchlabs.com\/wp-content\/uploads\/2026\/03\/Azentra-Laboratories-Office-1000x667.webp 1000w, https:\/\/azentraresearchlabs.com\/wp-content\/uploads\/2026\/03\/Azentra-Laboratories-Office-150x100.webp 150w, https:\/\/azentraresearchlabs.com\/wp-content\/uploads\/2026\/03\/Azentra-Laboratories-Office-300x200.webp 300w, https:\/\/azentraresearchlabs.com\/wp-content\/uploads\/2026\/03\/Azentra-Laboratories-Office-768x512.webp 768w, https:\/\/azentraresearchlabs.com\/wp-content\/uploads\/2026\/03\/Azentra-Laboratories-Office-600x400.webp 600w\" sizes=\"auto, (max-width: 1024px) 100vw, 1024px\" \/><\/div>\n<div class=\"wp-block-wd-container wd-dir-col wd-05a7e772\"><\/div>\n<\/div>\n\n\n\n<p data-start=\"285\" data-end=\"693\">Azentra Research Laboratories est un laboratoire ax\u00e9 sur la recherche, d\u00e9di\u00e9 \u00e0 faire progresser la compr\u00e9hension scientifique dans le domaine de la science des peptides. Nous soutenons l'innovation dans les secteurs universitaire, pharmaceutique et biotechnologique en fournissant des compos\u00e9s de recherche de haute qualit\u00e9 con\u00e7us pour des applications de laboratoire contr\u00f4l\u00e9es. Notre travail met l'accent sur la fonction m\u00e9tabolique, les processus cellulaires et les voies de r\u00e9gulation dans des environnements de recherche structur\u00e9s.<\/p>\n<p data-start=\"695\" data-end=\"1127\">Gr\u00e2ce \u00e0 une solide expertise dans le d\u00e9veloppement de peptides, Azentra est sp\u00e9cialis\u00e9e dans la synth\u00e8se, la caract\u00e9risation et la validation analytique de peptides de recherche. Chaque compos\u00e9 est produit avec pr\u00e9cision pour garantir la coh\u00e9rence, la reproductibilit\u00e9 et la fiabilit\u00e9 dans une large gamme de mod\u00e8les exp\u00e9rimentaux. Nos processus sont con\u00e7us pour s'aligner sur les normes de recherche modernes, garantissant que chaque produit respecte des crit\u00e8res de qualit\u00e9 internes stricts.<\/p>\n<p data-start=\"1129\" data-end=\"1535\">Nos op\u00e9rations de laboratoire sont guid\u00e9es par des m\u00e9thodologies avanc\u00e9es et une approche ax\u00e9e sur les d\u00e9tails pour le contr\u00f4le qualit\u00e9. De la s\u00e9lection des mati\u00e8res premi\u00e8res \u00e0 la formulation finale, nous mettons en \u0153uvre des protocoles structur\u00e9s pour aider \u00e0 maintenir la puret\u00e9 et l'int\u00e9grit\u00e9 \u00e0 chaque \u00e9tape de la production. Cela permet aux chercheurs de travailler en toute confiance lors de la r\u00e9alisation d'\u00e9tudes complexes impliquant des interactions multi-voies et des syst\u00e8mes biologiques.<\/p>\n<p data-start=\"1537\" data-end=\"1932\">Chez Azentra, nous reconnaissons l'importance de la pr\u00e9cision et de la coh\u00e9rence dans la recherche scientifique. Notre \u00e9quipe s'engage \u00e0 soutenir les besoins \u00e9volutifs de la communaut\u00e9 de recherche en affinant continuellement nos processus et en maintenant un haut niveau de fiabilit\u00e9 des produits. Nous visons \u00e0 contribuer aux efforts de recherche en cours en offrant des mat\u00e9riaux fiables adapt\u00e9s \u00e0 une utilisation contr\u00f4l\u00e9e et professionnelle.<\/p>\n<p data-start=\"1934\" data-end=\"2216\">Gr\u00e2ce \u00e0 un accent mis sur l'innovation, la pr\u00e9cision et la collaboration, Azentra s'efforce d'\u00eatre un partenaire de confiance dans la recherche sur les peptides. Notre mission est de soutenir le progr\u00e8s scientifique en fournissant des compos\u00e9s de recherche bien caract\u00e9ris\u00e9s qui correspondent aux exigences des environnements de laboratoire modernes.<\/p>\n<\/div>\n<\/div>","protected":false},"excerpt":{"rendered":"","protected":false},"author":1,"featured_media":0,"parent":0,"menu_order":0,"comment_status":"closed","ping_status":"closed","template":"","meta":{"footnotes":""},"class_list":["post-445","page","type-page","status-publish","hentry"],"_links":{"self":[{"href":"https:\/\/azentraresearchlabs.com\/fr\/wp-json\/wp\/v2\/pages\/445","targetHints":{"allow":["GET"]}}],"collection":[{"href":"https:\/\/azentraresearchlabs.com\/fr\/wp-json\/wp\/v2\/pages"}],"about":[{"href":"https:\/\/azentraresearchlabs.com\/fr\/wp-json\/wp\/v2\/types\/page"}],"author":[{"embeddable":true,"href":"https:\/\/azentraresearchlabs.com\/fr\/wp-json\/wp\/v2\/users\/1"}],"replies":[{"embeddable":true,"href":"https:\/\/azentraresearchlabs.com\/fr\/wp-json\/wp\/v2\/comments?post=445"}],"version-history":[{"count":6,"href":"https:\/\/azentraresearchlabs.com\/fr\/wp-json\/wp\/v2\/pages\/445\/revisions"}],"predecessor-version":[{"id":887,"href":"https:\/\/azentraresearchlabs.com\/fr\/wp-json\/wp\/v2\/pages\/445\/revisions\/887"}],"wp:attachment":[{"href":"https:\/\/azentraresearchlabs.com\/fr\/wp-json\/wp\/v2\/media?parent=445"}],"curies":[{"name":"wp","href":"https:\/\/api.w.org\/{rel}","templated":true}]}}