{"id":1103,"date":"2026-04-26T04:37:05","date_gmt":"2026-04-26T04:37:05","guid":{"rendered":"https:\/\/azentraresearchlabs.com\/?page_id=1103"},"modified":"2026-04-26T04:46:34","modified_gmt":"2026-04-26T04:46:34","slug":"track-order","status":"publish","type":"page","link":"https:\/\/azentraresearchlabs.com\/fr\/track-order\/","title":{"rendered":"Suivre commande"},"content":{"rendered":"<div class=\"wp-block-wd-section color-scheme-light wd-00a649e0\">\n<div class=\"wp-block-wd-infobox wd-hover-parent wd-align wd-icon-top wd-97c1e16c\">\n<div class=\"wp-block-wd-icon wd-da2fe74c\"><img loading=\"lazy\" decoding=\"async\" width=\"569\" height=\"568\" class=\"wp-image-121\" src=\"https:\/\/azentraresearchlabs.com\/wp-content\/uploads\/2026\/03\/Azentra-White-Logo-Transparent.png\" alt=\"\" srcset=\"https:\/\/azentraresearchlabs.com\/wp-content\/uploads\/2026\/03\/Azentra-White-Logo-Transparent.png 569w, https:\/\/azentraresearchlabs.com\/wp-content\/uploads\/2026\/03\/Azentra-White-Logo-Transparent-150x150.png 150w, https:\/\/azentraresearchlabs.com\/wp-content\/uploads\/2026\/03\/Azentra-White-Logo-Transparent-300x300.png 300w\" sizes=\"auto, (max-width: 569px) 100vw, 569px\" \/><\/div>\n\n\n\n<div class=\"wp-block-wd-container wd-dir-col wd-d783ab75\">\n<h1 class=\"wp-block-wd-title title wd-6385af35\">Suivre commande<\/h1>\n<\/div>\n<\/div>\n<\/div>\n\n\n\n<div class=\"wp-block-wd-container wd-dir-col wd-9fa28511 wd-custom-width\">\n<h3 class=\"wp-block-wd-title title wd-align wd-199afe8a\">Surveillez l'\u00e9tat de votre commande et l'avancement de votre livraison<\/h3>\n\n\n\n<p class=\"wp-block-wd-paragraph wd-a6c970f9\">Utilisez cette page pour suivre le statut de votre commande. Entrez les d\u00e9tails de votre commande ci-dessous pour voir les derni\u00e8res mises \u00e0 jour sur le traitement, l'exp\u00e9dition et la livraison. Toutes les commandes sont trait\u00e9es avec soin dans nos d\u00e9lais op\u00e9rationnels standards.<\/p>\n\n\n\n<div class=\"wp-block-wd-divider wd-style-line wd-237daabe\"><\/div>\n\n\n\n<div class=\"woocommerce\"><\/div>\n\n\n\n<div class=\"wp-block-wd-divider wd-style-line wd-81d95005\"><\/div>\n\n\n\n<p class=\"wp-block-wd-paragraph wd-ec6c44d1\">Pour toute demande relative \u00e0 votre commande, veuillez nous envoyer un e-mail \u00e0 <a>contact@azentraresearchlabs.com<\/a> et nous vous aiderons d\u00e8s que possible.<\/p>\n<\/div>","protected":false},"excerpt":{"rendered":"","protected":false},"author":1,"featured_media":0,"parent":0,"menu_order":0,"comment_status":"closed","ping_status":"closed","template":"","meta":{"footnotes":""},"class_list":["post-1103","page","type-page","status-publish","hentry"],"_links":{"self":[{"href":"https:\/\/azentraresearchlabs.com\/fr\/wp-json\/wp\/v2\/pages\/1103","targetHints":{"allow":["GET"]}}],"collection":[{"href":"https:\/\/azentraresearchlabs.com\/fr\/wp-json\/wp\/v2\/pages"}],"about":[{"href":"https:\/\/azentraresearchlabs.com\/fr\/wp-json\/wp\/v2\/types\/page"}],"author":[{"embeddable":true,"href":"https:\/\/azentraresearchlabs.com\/fr\/wp-json\/wp\/v2\/users\/1"}],"replies":[{"embeddable":true,"href":"https:\/\/azentraresearchlabs.com\/fr\/wp-json\/wp\/v2\/comments?post=1103"}],"version-history":[{"count":5,"href":"https:\/\/azentraresearchlabs.com\/fr\/wp-json\/wp\/v2\/pages\/1103\/revisions"}],"predecessor-version":[{"id":1111,"href":"https:\/\/azentraresearchlabs.com\/fr\/wp-json\/wp\/v2\/pages\/1103\/revisions\/1111"}],"wp:attachment":[{"href":"https:\/\/azentraresearchlabs.com\/fr\/wp-json\/wp\/v2\/media?parent=1103"}],"curies":[{"name":"wp","href":"https:\/\/api.w.org\/{rel}","templated":true}]}}