{"id":1042,"date":"2026-04-21T16:18:48","date_gmt":"2026-04-21T16:18:48","guid":{"rendered":"https:\/\/azentraresearchlabs.com\/disclaimer\/"},"modified":"2026-04-27T10:09:08","modified_gmt":"2026-04-27T10:09:08","slug":"avis-de-non-responsabilite","status":"publish","type":"page","link":"https:\/\/azentraresearchlabs.com\/fr\/disclaimer\/","title":{"rendered":"Avertissement"},"content":{"rendered":"<div class=\"wp-block-wd-section color-scheme-light wd-00a649e0\">\n<div class=\"wp-block-wd-infobox wd-hover-parent wd-align wd-icon-top wd-97c1e16c\">\n<div class=\"wp-block-wd-icon wd-da2fe74c\"><img loading=\"lazy\" decoding=\"async\" width=\"569\" height=\"568\" class=\"wp-image-121\" src=\"https:\/\/azentraresearchlabs.com\/wp-content\/uploads\/2026\/03\/Azentra-White-Logo-Transparent.png\" alt=\"\" srcset=\"https:\/\/azentraresearchlabs.com\/wp-content\/uploads\/2026\/03\/Azentra-White-Logo-Transparent.png 569w, https:\/\/azentraresearchlabs.com\/wp-content\/uploads\/2026\/03\/Azentra-White-Logo-Transparent-150x150.png 150w, https:\/\/azentraresearchlabs.com\/wp-content\/uploads\/2026\/03\/Azentra-White-Logo-Transparent-300x300.png 300w\" sizes=\"auto, (max-width: 569px) 100vw, 569px\" \/><\/div>\n\n\n\n<div class=\"wp-block-wd-container wd-dir-col wd-d783ab75\">\n<h1 class=\"wp-block-wd-title title wd-6385af35\">Avertissement<\/h1>\n<\/div>\n<\/div>\n<\/div>\n\n\n\n<div class=\"wp-block-wd-container wd-dir-col wd-749366bf wd-custom-width\">\n<!-- Legal document generated by Complianz | GDPR\/CCPA Cookie Consent https:\/\/wordpress.org\/plugins\/complianz-gdpr -->\n<div id=\"cmplz-document\" class=\"cmplz-document disclaimer cmplz-document-all\"><p>AZRL LTD s'engage \u00e0 maintenir ce site web \u00e0 jour en temps et en heure. Si toutefois vous rencontriez un probl\u00e8me ou des donn\u00e9es obsol\u00e8tes, nous vous serions reconnaissants de nous le faire savoir. Veuillez indiquer o\u00f9 sur le site web vous lisez les informations incorrectes. Nous examinerons cela d\u00e8s que possible. Veuillez envoyer votre r\u00e9ponse par e-mail \u00e0 : <span class=\"cmplz-obfuscate\">c&#111;&#110;t&#097;c&#116;@<span class=\"cmplz-fmail-domain\">&#101;x&#046;com<\/span>aze&#110;&#116;&#114;a&#114;esea&#114;&#099;h&#108;ab&#115;&#046;&#099;om<\/span>.<\/p><p>Nous ne sommes pas responsables des pertes r\u00e9sultant d'inexactitudes ou d'omissions, ni des pertes r\u00e9sultant de probl\u00e8mes caus\u00e9s par ou inh\u00e9rents \u00e0 la diffusion d'informations sur Internet, tels que des interruptions ou des coupures. Lors de l'utilisation de formulaires Web, nous nous effor\u00e7ons de limiter le nombre de champs obligatoires au minimum. AZRL LTD n'assume aucune responsabilit\u00e9 pour toute perte subie \u00e0 la suite de l'utilisation de donn\u00e9es, de conseils ou d'id\u00e9es fournis par ou au nom d'AZRL LTD via ce site Web.<\/p><p>L\u2019utilisation du site web et de tous ses composants (y compris les forums) est soumise aux <a href=\"https:\/\/azentraresearchlabs.com\/fr\/termes-et-conditions\/\" target=\"_blank\">termes et conditions<\/a>. La simple utilisation de ce site Web implique la connaissance et l\u2019acceptation des pr\u00e9sentes conditions d\u2019utilisation.<\/p><p>Toutes les donn\u00e9es personnelles que vous nous fournissez dans le cadre de votre r\u00e9ponse ou de votre demande d\u2019informations ne seront utilis\u00e9es que conform\u00e9ment \u00e0 notre d\u00e9claration de confidentialit\u00e9.<\/p><p>AZRL LTD d\u00e9cline toute responsabilit\u00e9 quant au contenu des sites web auxquels ou \u00e0 partir desquels un hyperlien ou une autre r\u00e9f\u00e9rence est faite. Les produits ou services offerts par des tierces parties sont soumis aux termes et conditions applicables de ces tierces parties.<\/p><p>Tous les droits de propri\u00e9t\u00e9 intellectuelle sur le contenu de ce site Web sont la propri\u00e9t\u00e9 de AZRL LTD.<\/p><p>La copie, la diffusion et toute autre utilisation de ces documents sont interdites sans l\u2019autorisation \u00e9crite de AZRL LTD, sauf et dans la mesure o\u00f9 le stipule une r\u00e9glementation imp\u00e9rative (telle que le droit de citer), sauf indication contraire du contenu.<\/p><p>Si vous avez des questions ou des probl\u00e8mes d\u2019accessibilit\u00e9 du site, n\u2019h\u00e9sitez pas \u00e0 nous contacter.<\/p><\/div>\n\n\n<h3>Utilisation \u00e0 des fins de recherche uniquement Clause de non-responsabilit\u00e9<\/h3>\n\n<p>Tous les produits disponibles sur ce site sont destin\u00e9s exclusivement \u00e0 la recherche et \u00e0 un usage en laboratoire. Ils ne sont pas destin\u00e9s \u00e0 la consommation humaine, ni \u00e0 un usage m\u00e9dical ou th\u00e9rapeutique. Ces produits doivent \u00eatre manipul\u00e9s uniquement par des professionnels qualifi\u00e9s dans des environnements de laboratoire contr\u00f4l\u00e9s.<\/p>\n\n<p>AZRL LTD ne promeut ni n'approuve l'utilisation de quelque produit que ce soit \u00e0 des fins autres que la recherche scientifique l\u00e9gitime. En achetant sur ce site web, vous reconnaissez \u00eatre conscient de la nature des produits et acceptez de les utiliser conform\u00e9ment \u00e0 toutes les lois et r\u00e9glementations applicables.<\/p>\n\n<p>Il incombe au client de s'assurer que l'utilisation, la manipulation et le stockage des produits achet\u00e9s sur ce site Web sont conformes aux lois et r\u00e9glementations locales de sa juridiction.<\/p>\n<\/div>","protected":false},"excerpt":{"rendered":"","protected":false},"author":1,"featured_media":0,"parent":0,"menu_order":0,"comment_status":"closed","ping_status":"closed","template":"","meta":{"footnotes":""},"class_list":["post-1042","page","type-page","status-publish","hentry"],"_links":{"self":[{"href":"https:\/\/azentraresearchlabs.com\/fr\/wp-json\/wp\/v2\/pages\/1042","targetHints":{"allow":["GET"]}}],"collection":[{"href":"https:\/\/azentraresearchlabs.com\/fr\/wp-json\/wp\/v2\/pages"}],"about":[{"href":"https:\/\/azentraresearchlabs.com\/fr\/wp-json\/wp\/v2\/types\/page"}],"author":[{"embeddable":true,"href":"https:\/\/azentraresearchlabs.com\/fr\/wp-json\/wp\/v2\/users\/1"}],"replies":[{"embeddable":true,"href":"https:\/\/azentraresearchlabs.com\/fr\/wp-json\/wp\/v2\/comments?post=1042"}],"version-history":[{"count":2,"href":"https:\/\/azentraresearchlabs.com\/fr\/wp-json\/wp\/v2\/pages\/1042\/revisions"}],"predecessor-version":[{"id":1127,"href":"https:\/\/azentraresearchlabs.com\/fr\/wp-json\/wp\/v2\/pages\/1042\/revisions\/1127"}],"wp:attachment":[{"href":"https:\/\/azentraresearchlabs.com\/fr\/wp-json\/wp\/v2\/media?parent=1042"}],"curies":[{"name":"wp","href":"https:\/\/api.w.org\/{rel}","templated":true}]}}