{"id":1041,"date":"2026-04-21T16:18:48","date_gmt":"2026-04-21T16:18:48","guid":{"rendered":"https:\/\/azentraresearchlabs.com\/imprint\/"},"modified":"2026-04-26T06:45:36","modified_gmt":"2026-04-26T06:45:36","slug":"empreinte","status":"publish","type":"page","link":"https:\/\/azentraresearchlabs.com\/fr\/imprint\/","title":{"rendered":"Mentions l\u00e9gales"},"content":{"rendered":"<!-- Legal document generated by Complianz | GDPR\/CCPA Cookie Consent https:\/\/wordpress.org\/plugins\/complianz-gdpr -->\n<div id=\"cmplz-document\" class=\"cmplz-document impressum cmplz-document-all\"><p><i>Cette imprint a \u00e9t\u00e9 mise \u00e0 jour pour la derni\u00e8re fois le avril 26, 2026.<\/i><\/p><p class=\"cmplz-subtitle\">Le propri\u00e9taire de ce site web est\u00a0:<\/p><p>AZRL LTD<br>4\u00e8me \u00e9tage, Silverstream House<br \/>\n45 rue Fitzroy<br \/>\nFitzrovia<br \/>\nLondres<br \/>\nW1T 6EB<br>Royaume-Uni<br>Courriel :&nbsp;<span class=\"cmplz-obfuscate\">co&#110;t&#097;c&#116;@<span class=\"cmplz-fmail-domain\">e&#120;.&#099;&#111;m<\/span>a&#122;&#101;n&#116;ra&#114;es&#101;a&#114;&#099;&#104;labs&#046;&#099;&#111;&#109;<\/span><br>Num\u00e9ro de t\u00e9l\u00e9phone\u00a0: +447345386622<br><\/p><p class=\"cmplz-subtitle\">Les repr\u00e9sentants l\u00e9gaux de AZRL LTD Limited :<\/p><p>Henrietta Horvath<\/p><h2>1. G\u00e9n\u00e9ral<\/h2><p class=\"cmplz-subtitle\">1.1 Nous sommes enregistr\u00e9s aupr\u00e8s de Companies House (Royaume-Uni) sous le num\u00e9ro de licence ou d\u2019enregistrement :<\/p><p>17161570<\/p><p>Nous acceptons de nous soumettre ou sommes tenus de nous soumettre aux proc\u00e9dures de r\u00e8glement des litiges devant une commission d'arbitrage des consommateurs.<\/p><h2>2. Les informations suivantes sont obligatoires selon la loi allemande.<\/h2><\/div>","protected":false},"excerpt":{"rendered":"","protected":false},"author":1,"featured_media":0,"parent":0,"menu_order":0,"comment_status":"closed","ping_status":"closed","template":"","meta":{"footnotes":""},"class_list":["post-1041","page","type-page","status-publish","hentry"],"_links":{"self":[{"href":"https:\/\/azentraresearchlabs.com\/fr\/wp-json\/wp\/v2\/pages\/1041","targetHints":{"allow":["GET"]}}],"collection":[{"href":"https:\/\/azentraresearchlabs.com\/fr\/wp-json\/wp\/v2\/pages"}],"about":[{"href":"https:\/\/azentraresearchlabs.com\/fr\/wp-json\/wp\/v2\/types\/page"}],"author":[{"embeddable":true,"href":"https:\/\/azentraresearchlabs.com\/fr\/wp-json\/wp\/v2\/users\/1"}],"replies":[{"embeddable":true,"href":"https:\/\/azentraresearchlabs.com\/fr\/wp-json\/wp\/v2\/comments?post=1041"}],"version-history":[{"count":1,"href":"https:\/\/azentraresearchlabs.com\/fr\/wp-json\/wp\/v2\/pages\/1041\/revisions"}],"predecessor-version":[{"id":1115,"href":"https:\/\/azentraresearchlabs.com\/fr\/wp-json\/wp\/v2\/pages\/1041\/revisions\/1115"}],"wp:attachment":[{"href":"https:\/\/azentraresearchlabs.com\/fr\/wp-json\/wp\/v2\/media?parent=1041"}],"curies":[{"name":"wp","href":"https:\/\/api.w.org\/{rel}","templated":true}]}}