{"id":859,"date":"2026-04-09T15:47:16","date_gmt":"2026-04-09T15:47:16","guid":{"rendered":"https:\/\/iszbjg1yp8.onrocket.site\/?page_id=859"},"modified":"2026-04-09T15:52:06","modified_gmt":"2026-04-09T15:52:06","slug":"envio-entrega","status":"publish","type":"page","link":"https:\/\/azentraresearchlabs.com\/es\/shipping-delivery\/","title":{"rendered":"Env\u00edo y entrega"},"content":{"rendered":"<div class=\"wp-block-wd-section color-scheme-light wd-00a649e0\">\n<div class=\"wp-block-wd-infobox wd-hover-parent wd-align wd-icon-top wd-97c1e16c\">\n<div class=\"wp-block-wd-icon wd-da2fe74c\"><img loading=\"lazy\" decoding=\"async\" width=\"569\" height=\"568\" class=\"wp-image-121\" src=\"https:\/\/azentraresearchlabs.com\/wp-content\/uploads\/2026\/03\/Azentra-White-Logo-Transparent.png\" alt=\"\" srcset=\"https:\/\/azentraresearchlabs.com\/wp-content\/uploads\/2026\/03\/Azentra-White-Logo-Transparent.png 569w, https:\/\/azentraresearchlabs.com\/wp-content\/uploads\/2026\/03\/Azentra-White-Logo-Transparent-150x150.png 150w, https:\/\/azentraresearchlabs.com\/wp-content\/uploads\/2026\/03\/Azentra-White-Logo-Transparent-300x300.png 300w\" sizes=\"auto, (max-width: 569px) 100vw, 569px\" \/><\/div>\n\n\n\n<div class=\"wp-block-wd-container wd-dir-col wd-d783ab75\">\n<h1 class=\"wp-block-wd-title title wd-6385af35\">Env\u00edo y entrega<\/h1>\n<\/div>\n<\/div>\n<\/div>\n\n\n\n<p>Ofrecemos env\u00edos seguros y confiables a pa\u00edses europeos seleccionados, incluyendo Francia, Pa\u00edses Bajos, Alemania y Espa\u00f1a. Los pedidos se manejan con cuidado y se env\u00edan utilizando socios log\u00edsticos de confianza para garantizar una experiencia de entrega sin contratiempos.<\/p> <h3>Tiempo de procesamiento<\/h3> <p>Los pedidos se procesan t\u00edpicamente dentro de 1 d\u00eda h\u00e1bil despu\u00e9s de la confirmaci\u00f3n del pago. Los pedidos realizados en fines de semana o d\u00edas festivos se procesar\u00e1n el siguiente d\u00eda h\u00e1bil.<\/p> <h3>Tiempos de Entrega Estimados<\/h3> <p>Francia: 1\u20133 d\u00edas h\u00e1biles<\/p> <p>Pa\u00edses Bajos: 1\u20133 d\u00edas h\u00e1biles<\/p> <p>Alemania: 1\u20133 d\u00edas h\u00e1biles<\/p> <p>Espa\u00f1a: 1\u20133 d\u00edas laborables<\/p> <p>Los tiempos de entrega son consistentes en todos los pa\u00edses admitidos y pueden variar ligeramente debido a las operaciones del mensajero o a la demanda estacional.<\/p> <h3>Gastos de env\u00edo<\/h3> <p>Pedidos de un solo bol\u00edgrafo: 9,99 \u20ac de gastos de env\u00edo<\/p> <p>Pedidos con m\u00e1s de un bol\u00edgrafo: tarifa de env\u00edo de 19,99 \u20ac<\/p> <p>Los costos de env\u00edo son fijos seg\u00fan la cantidad del pedido.<\/p> <h3>Informaci\u00f3n de seguimiento<\/h3> <p>Una vez que su pedido haya sido despachado, los detalles de seguimiento pueden ser proporcionados por correo electr\u00f3nico, lo que le permitir\u00e1 monitorear su env\u00edo durante todo el proceso de entrega.<\/p> <h3>Notas de entrega<\/h3> <p>Por favor, aseg\u00farese de que los detalles de su env\u00edo sean precisos y completos. No somos responsables de los retrasos o problemas de entrega causados por informaci\u00f3n de direcci\u00f3n incorrecta. Los plazos de entrega son estimados y pueden verse afectados por factores relacionados con el mensajero.<\/p> <h3>Aviso de cumplimiento<\/h3> <p>Los productos ofrecidos est\u00e1n destinados exclusivamente para uso en investigaci\u00f3n y laboratorio. No est\u00e1n destinados al consumo humano ni al uso m\u00e9dico. Los clientes son responsables de garantizar que las compras cumplan con las leyes y regulaciones locales en su pa\u00eds respectivo antes de realizar un pedido.<\/p>","protected":false},"excerpt":{"rendered":"<p>We provide secure and reliable shipping across selected European countries, including France, the Netherlands, Germany, and Spain. Orders are handled<\/p>","protected":false},"author":1,"featured_media":0,"parent":0,"menu_order":0,"comment_status":"closed","ping_status":"closed","template":"","meta":{"footnotes":""},"class_list":["post-859","page","type-page","status-publish","hentry"],"_links":{"self":[{"href":"https:\/\/azentraresearchlabs.com\/es\/wp-json\/wp\/v2\/pages\/859","targetHints":{"allow":["GET"]}}],"collection":[{"href":"https:\/\/azentraresearchlabs.com\/es\/wp-json\/wp\/v2\/pages"}],"about":[{"href":"https:\/\/azentraresearchlabs.com\/es\/wp-json\/wp\/v2\/types\/page"}],"author":[{"embeddable":true,"href":"https:\/\/azentraresearchlabs.com\/es\/wp-json\/wp\/v2\/users\/1"}],"replies":[{"embeddable":true,"href":"https:\/\/azentraresearchlabs.com\/es\/wp-json\/wp\/v2\/comments?post=859"}],"version-history":[{"count":4,"href":"https:\/\/azentraresearchlabs.com\/es\/wp-json\/wp\/v2\/pages\/859\/revisions"}],"predecessor-version":[{"id":864,"href":"https:\/\/azentraresearchlabs.com\/es\/wp-json\/wp\/v2\/pages\/859\/revisions\/864"}],"wp:attachment":[{"href":"https:\/\/azentraresearchlabs.com\/es\/wp-json\/wp\/v2\/media?parent=859"}],"curies":[{"name":"wp","href":"https:\/\/api.w.org\/{rel}","templated":true}]}}