{"id":778,"date":"2026-04-04T09:21:47","date_gmt":"2026-04-04T09:21:47","guid":{"rendered":"https:\/\/iszbjg1yp8.onrocket.site\/?page_id=778"},"modified":"2026-04-04T09:27:42","modified_gmt":"2026-04-04T09:27:42","slug":"devoluciones-reintegraciones","status":"publish","type":"page","link":"https:\/\/azentraresearchlabs.com\/es\/returns-refunds\/","title":{"rendered":"Devoluciones y reembolsos"},"content":{"rendered":"<div class=\"wp-block-wd-section color-scheme-light wd-00a649e0\">\n<div class=\"wp-block-wd-infobox wd-hover-parent wd-align wd-icon-top wd-97c1e16c\">\n<div class=\"wp-block-wd-icon wd-da2fe74c\"><img loading=\"lazy\" decoding=\"async\" width=\"569\" height=\"568\" class=\"wp-image-121\" src=\"https:\/\/azentraresearchlabs.com\/wp-content\/uploads\/2026\/03\/Azentra-White-Logo-Transparent.png\" alt=\"\" srcset=\"https:\/\/azentraresearchlabs.com\/wp-content\/uploads\/2026\/03\/Azentra-White-Logo-Transparent.png 569w, https:\/\/azentraresearchlabs.com\/wp-content\/uploads\/2026\/03\/Azentra-White-Logo-Transparent-150x150.png 150w, https:\/\/azentraresearchlabs.com\/wp-content\/uploads\/2026\/03\/Azentra-White-Logo-Transparent-300x300.png 300w\" sizes=\"auto, (max-width: 569px) 100vw, 569px\" \/><\/div>\n\n\n\n<div class=\"wp-block-wd-container wd-dir-col wd-d783ab75\">\n<h1 class=\"wp-block-wd-title title wd-6385af35\">Devoluciones y reembolsos<\/h1>\n<\/div>\n<\/div>\n<\/div>\n\n\n<h3 data-section-id=\"1m6jm73\" data-start=\"399\" data-end=\"419\">Pol\u00edtica de devoluciones<\/h3>\n<p data-start=\"420\" data-end=\"628\">Debido a la naturaleza de nuestros productos, generalmente no aceptamos devoluciones una vez que un pedido ha sido procesado o enviado. Esto es para asegurar que se mantenga la integridad del producto, el control de calidad y los est\u00e1ndares de seguridad.<\/p>\n<h3 data-section-id=\"1e8qrjf\" data-start=\"635\" data-end=\"667\">Art\u00edculos da\u00f1ados o incorrectos<\/h3>\n<p data-start=\"668\" data-end=\"882\">Si recibe un art\u00edculo da\u00f1ado, defectuoso o incorrecto, p\u00f3ngase en contacto con nosotros dentro de las 48 horas posteriores a la entrega. Es posible que solicitemos informaci\u00f3n de apoyo, como fotograf\u00edas, para revisar el problema y proporcionar una soluci\u00f3n adecuada.<\/p>\n<h3 data-section-id=\"1a9meiq\" data-start=\"889\" data-end=\"907\">Problemas con el pedido<\/h3>\n<p data-start=\"908\" data-end=\"1072\">Si hay alg\u00fan problema con su pedido, por favor cont\u00e1ctenos lo antes posible. Evaluaremos cada caso individualmente y nuestro objetivo ser\u00e1 proporcionar un resultado justo y razonable.<\/p>\n<h3 data-section-id=\"m3s71h\" data-start=\"1079\" data-end=\"1103\">Elegibilidad para reembolso<\/h3>\n<p data-start=\"1104\" data-end=\"1164\"><strong>Los reembolsos pueden considerarse bajo las siguientes circunstancias:<\/strong><\/p>\n<ul>\n<li data-start=\"1104\" data-end=\"1164\">El art\u00edculo recibido es incorrecto<\/li>\n<li data-start=\"1104\" data-end=\"1164\">El art\u00edculo llega da\u00f1ado o defectuoso<\/li>\n<li data-start=\"1104\" data-end=\"1164\">El pedido no se entrega en un plazo razonable<\/li>\n<\/ul>\n<p><strong>Los reembolsos no se suelen ofrecer para:<\/strong><\/p>\n<ul>\n<li>Cambio de opini\u00f3n<\/li>\n<li>Selecci\u00f3n incorrecta por parte del cliente<\/li>\n<li>Manejo inadecuado despu\u00e9s de la entrega<\/li>\n<\/ul>\n<h3 data-section-id=\"aqmfdl\" data-start=\"1446\" data-end=\"1473\">Procesamiento de reembolsos<\/h3>\n<p data-start=\"1474\" data-end=\"1616\">Si se aprueba un reembolso, se procesar\u00e1 utilizando el m\u00e9todo de pago original. Los tiempos de procesamiento pueden variar seg\u00fan su proveedor de pago.<\/p>\n<h3 data-section-id=\"5k0eme\" data-start=\"1623\" data-end=\"1636\">Contacto<\/h3>\n<p data-start=\"1637\" data-end=\"1765\">Para cualquier consulta sobre devoluciones o reembolsos, cont\u00e1ctenos a trav\u00e9s de nuestro sitio web e incluya los detalles de su pedido para una asistencia m\u00e1s r\u00e1pida.<\/p>","protected":false},"excerpt":{"rendered":"<p>Returns Policy Due to the nature of our products, we generally do not accept returns once an order has been<\/p>","protected":false},"author":1,"featured_media":0,"parent":0,"menu_order":0,"comment_status":"closed","ping_status":"closed","template":"","meta":{"footnotes":""},"class_list":["post-778","page","type-page","status-publish","hentry"],"_links":{"self":[{"href":"https:\/\/azentraresearchlabs.com\/es\/wp-json\/wp\/v2\/pages\/778","targetHints":{"allow":["GET"]}}],"collection":[{"href":"https:\/\/azentraresearchlabs.com\/es\/wp-json\/wp\/v2\/pages"}],"about":[{"href":"https:\/\/azentraresearchlabs.com\/es\/wp-json\/wp\/v2\/types\/page"}],"author":[{"embeddable":true,"href":"https:\/\/azentraresearchlabs.com\/es\/wp-json\/wp\/v2\/users\/1"}],"replies":[{"embeddable":true,"href":"https:\/\/azentraresearchlabs.com\/es\/wp-json\/wp\/v2\/comments?post=778"}],"version-history":[{"count":3,"href":"https:\/\/azentraresearchlabs.com\/es\/wp-json\/wp\/v2\/pages\/778\/revisions"}],"predecessor-version":[{"id":783,"href":"https:\/\/azentraresearchlabs.com\/es\/wp-json\/wp\/v2\/pages\/778\/revisions\/783"}],"wp:attachment":[{"href":"https:\/\/azentraresearchlabs.com\/es\/wp-json\/wp\/v2\/media?parent=778"}],"curies":[{"name":"wp","href":"https:\/\/api.w.org\/{rel}","templated":true}]}}