{"id":772,"date":"2026-04-04T09:14:13","date_gmt":"2026-04-04T09:14:13","guid":{"rendered":"https:\/\/iszbjg1yp8.onrocket.site\/?page_id=772"},"modified":"2026-04-28T14:56:03","modified_gmt":"2026-04-28T14:56:03","slug":"terminos-y-condiciones","status":"publish","type":"page","link":"https:\/\/azentraresearchlabs.com\/es\/terms-and-conditions\/","title":{"rendered":"T\u00e9rminos de Uso"},"content":{"rendered":"<div class=\"wp-block-wd-section color-scheme-light wd-00a649e0\">\n<div class=\"wp-block-wd-infobox wd-hover-parent wd-align wd-icon-top wd-97c1e16c\">\n<div class=\"wp-block-wd-icon wd-da2fe74c\"><img loading=\"lazy\" decoding=\"async\" width=\"569\" height=\"568\" class=\"wp-image-121\" src=\"https:\/\/azentraresearchlabs.com\/wp-content\/uploads\/2026\/03\/Azentra-White-Logo-Transparent.png\" alt=\"\" srcset=\"https:\/\/azentraresearchlabs.com\/wp-content\/uploads\/2026\/03\/Azentra-White-Logo-Transparent.png 569w, https:\/\/azentraresearchlabs.com\/wp-content\/uploads\/2026\/03\/Azentra-White-Logo-Transparent-150x150.png 150w, https:\/\/azentraresearchlabs.com\/wp-content\/uploads\/2026\/03\/Azentra-White-Logo-Transparent-300x300.png 300w\" sizes=\"auto, (max-width: 569px) 100vw, 569px\" \/><\/div>\n\n\n\n<div class=\"wp-block-wd-container wd-dir-col wd-d783ab75\">\n<h1 class=\"wp-block-wd-title title wd-6385af35\">T\u00e9rminos de Uso<\/h1>\n<\/div>\n<\/div>\n<\/div>\n\n\n<h3 data-section-id=\"1bjwx2b\" data-start=\"214\" data-end=\"242\">1. Informaci\u00f3n General<\/h3>\n<p data-start=\"243\" data-end=\"461\">Estos T\u00e9rminos y Condiciones rigen el uso de este sitio web y la compra de productos ofrecidos por AZRL LTD a trav\u00e9s de Azentra Research Labs. Al acceder a este sitio web o realizar un pedido, usted acepta estos T\u00e9rminos.<\/p>\n<h3 data-section-id=\"4xvx3r\" data-start=\"468\" data-end=\"488\">2. Elegibilidad<\/h3>\n<p data-start=\"489\" data-end=\"639\">Al usar este sitio web o al realizar un pedido, usted confirma que tiene al menos 18 a\u00f1os de edad y la capacidad legal para celebrar un contrato vinculante.<\/p>\n<h3 data-section-id=\"603idy\" data-start=\"646\" data-end=\"680\">3. Productos y Uso Previsto<\/h3>\n<p data-start=\"681\" data-end=\"867\">Todos los productos se suministran estrictamente solo para fines de investigaci\u00f3n de laboratorio y an\u00e1lisis. No est\u00e1n destinados al consumo humano, uso m\u00e9dico, terap\u00e9utico, diagn\u00f3stico o veterinario.<\/p>\n<p data-start=\"869\" data-end=\"1028\">Al comprar en este sitio web, usted reconoce la naturaleza de los productos y acepta utilizarlos \u00fanicamente con fines de investigaci\u00f3n legal en entornos controlados.<\/p>\n<h3 data-section-id=\"1kxoino\" data-start=\"1035\" data-end=\"1067\">4. Responsabilidad del cliente<\/h3>\n<p data-start=\"1068\" data-end=\"1222\">Usted es responsable de garantizar que la compra, importaci\u00f3n, posesi\u00f3n y uso de nuestros productos cumplan con las leyes de su pa\u00eds o jurisdicci\u00f3n.<\/p>\n<p data-start=\"1224\" data-end=\"1338\">Nos reservamos el derecho de rechazar o cancelar cualquier pedido en el que se sospeche un uso indebido o en el que no se cumplan estos T\u00e9rminos.<\/p>\n<h3 data-section-id=\"di9b0a\" data-start=\"1345\" data-end=\"1373\">5. Informaci\u00f3n del producto<\/h3>\n<p data-start=\"1374\" data-end=\"1527\">Nuestro objetivo es garantizar que toda la informaci\u00f3n del producto sea precisa y est\u00e9 actualizada. Sin embargo, no garantizamos que todo el contenido est\u00e9 libre de errores u omisiones.<\/p>\n<p data-start=\"1529\" data-end=\"1664\">La informaci\u00f3n proporcionada en este sitio web tiene fines informativos generales \u00fanicamente y no constituye asesoramiento profesional o m\u00e9dico.<\/p>\n<h3 data-section-id=\"e1m6w1\" data-start=\"1671\" data-end=\"1701\">6. \u00d3rdenes y Aceptaci\u00f3n<\/h3>\n<p data-start=\"1702\" data-end=\"1826\">Todos los pedidos est\u00e1n sujetos a aceptaci\u00f3n y disponibilidad. Nos reservamos el derecho de rechazar o cancelar cualquier pedido a nuestra discreci\u00f3n.<\/p>\n<p data-start=\"1828\" data-end=\"1908\">Si se cancela un pedido despu\u00e9s del pago, se puede emitir un reembolso cuando corresponda.<\/p>\n<h3 data-section-id=\"9jid6u\" data-start=\"1915\" data-end=\"1943\">7. Precios y Pago<\/h3>\n<p data-start=\"1944\" data-end=\"2046\">Los precios pueden cambiar sin previo aviso. El pago debe completarse al momento de pagar utilizando los m\u00e9todos disponibles.<\/p>\n<p data-start=\"2048\" data-end=\"2154\">Aceptamos PayPal (incluidas tarjetas de cr\u00e9dito y d\u00e9bito), transferencia bancaria y criptomonedas como USDT TRC20.<\/p>\n<p data-start=\"2156\" data-end=\"2268\">Los detalles de pago son gestionados de forma segura por los proveedores correspondientes. No almacenamos informaci\u00f3n de pago sensible.<\/p>\n<p data-start=\"2270\" data-end=\"2340\">Las transacciones de criptomonedas son generalmente irreversibles una vez confirmadas.<\/p>\n<h3 data-section-id=\"1w7nws5\" data-start=\"2347\" data-end=\"2377\">8. Env\u00edo y entrega<\/h3>\n<p data-start=\"2378\" data-end=\"2528\">Nuestro objetivo es enviar los pedidos dentro de los plazos indicados. Los tiempos de entrega pueden variar debido a la ubicaci\u00f3n, los servicios de mensajer\u00eda o factores externos fuera de nuestro control.<\/p>\n<p data-start=\"2530\" data-end=\"2643\">No somos responsables de los retrasos causados por mensajeros, aduanas o informaci\u00f3n incorrecta proporcionada por el cliente.<\/p>\n<h3 data-section-id=\"zu39a\" data-start=\"2650\" data-end=\"2678\">9. Devoluciones y Reembolsos<\/h3>\n<p data-start=\"2679\" data-end=\"2763\">Debido a la naturaleza de nuestros productos, generalmente no aceptamos devoluciones una vez que un pedido ha sido procesado o enviado. Esto es para asegurar que se mantenga la integridad del producto, el control de calidad y los est\u00e1ndares de seguridad.<\/p>\n<p>Todas las ventas se consideran finales despu\u00e9s de su procesamiento o env\u00edo. Los reembolsos solo se considerar\u00e1n si el producto recibido es incorrecto, est\u00e1 da\u00f1ado o es defectuoso.<\/p>\n<p>Si cree que hay un problema con su pedido, cont\u00e1ctenos a la brevedad con los detalles de su pedido e informaci\u00f3n relevante. Todos los casos ser\u00e1n revisados individualmente.<\/p>\n<h3 data-section-id=\"nl9dps\" data-start=\"2914\" data-end=\"2947\">10. Descargo de responsabilidad sobre el uso de la investigaci\u00f3n<\/h3>\n<p data-start=\"2948\" data-end=\"3043\">No promovemos ni apoyamos el uso de ning\u00fan producto fuera de la investigaci\u00f3n de laboratorio leg\u00edtima.<\/p>\n<p data-start=\"3045\" data-end=\"3144\">Ning\u00fan contenido de este sitio web debe interpretarse como asesoramiento m\u00e9dico, terap\u00e9utico o relacionado con la salud.<\/p>\n<h3 data-section-id=\"dvhw3y\" data-start=\"3151\" data-end=\"3184\">11. Limitaci\u00f3n de Responsabilidad<\/h3>\n<p data-start=\"3185\" data-end=\"3337\">En la medida permitida por la ley, AZRL LTD no ser\u00e1 responsable de ning\u00fan da\u00f1o indirecto o consecuente que surja del uso o manejo de nuestros productos.<\/p>\n<p data-start=\"3339\" data-end=\"3416\">Todos los productos se suministran para fines de investigaci\u00f3n y deben utilizarse de forma responsable.<\/p>\n<h3 data-section-id=\"1m913f7\" data-start=\"3423\" data-end=\"3444\">12. Uso del sitio web<\/h3>\n<p data-start=\"3445\" data-end=\"3587\">Usted acepta no hacer un uso indebido de este sitio web ni intentar acceder sin autorizaci\u00f3n. Nos reservamos el derecho de restringir el acceso en caso de uso indebido o infracciones.<\/p>\n<h3 data-section-id=\"buf3jl\" data-start=\"3594\" data-end=\"3625\">13. Propiedad Intelectual<\/h3>\n<p data-start=\"3626\" data-end=\"3748\">Todo el contenido de este sitio web es propiedad de AZRL LTD o tiene licencia para AZRL LTD. No puede copiar ni utilizar ning\u00fan material sin permiso.<\/p>\n<h3 data-section-id=\"1eijrvn\" data-start=\"3755\" data-end=\"3785\">14. Servicios de Terceros<\/h3>\n<p data-start=\"3786\" data-end=\"3941\">Utilizamos proveedores externos como procesadores de pago, herramientas de an\u00e1lisis y servicios de comunicaci\u00f3n. Su uso est\u00e1 sujeto a sus propios t\u00e9rminos y pol\u00edticas.<\/p>\n<h3 data-section-id=\"nidmja\" data-start=\"3948\" data-end=\"3977\">15. Privacidad y Cookies<\/h3>\n<p data-start=\"3978\" data-end=\"4064\">Sus datos personales son tratados de acuerdo con nuestra <a href=\"https:\/\/azentraresearchlabs.com\/es\/declaracion-de-privacidad-ue\/\">Pol\u00edtica de privacidad<\/a> y <a href=\"https:\/\/azentraresearchlabs.com\/es\/politica-de-cookies-ue\/\">Pol\u00edtica de Cookies<\/a>.<\/p>\n<h3 data-section-id=\"1yuab3w\" data-start=\"4071\" data-end=\"4097\">16. Cambios a los T\u00e9rminos<\/h3>\n<p data-start=\"4098\" data-end=\"4204\">Podemos actualizar estos T\u00e9rminos en cualquier momento. El uso continuado del sitio web constituye la aceptaci\u00f3n de cualquier cambio.<\/p>\n<h3 data-section-id=\"1q7d983\" data-start=\"4211\" data-end=\"4234\">17. Ley aplicable<\/h3>\n<p>Los presentes T\u00e9rminos y Condiciones se regir\u00e1n por las leyes aplicables.<\/p>\n<p>Si usted es un consumidor que reside en la Uni\u00f3n Europea, puede beneficiarse de las disposiciones obligatorias de la ley de su pa\u00eds de residencia.<\/p>\n<p>Nada en estos T\u00e9rminos limitar\u00e1 o excluir\u00e1 ninguno de sus derechos bajo las leyes de protecci\u00f3n al consumidor aplicables.<\/p>\n<h3 data-section-id=\"6ta3rh\" data-start=\"4301\" data-end=\"4330\">18. Informaci\u00f3n de contacto<\/h3>\n<p data-start=\"4331\" data-end=\"4387\">Para cualquier pregunta sobre estos T\u00e9rminos, por favor contacte:<\/p>\n<p data-start=\"4389\" data-end=\"4476\">AZRL LTD<br data-start=\"4397\" data-end=\"4400\" \/>4\u00aa Planta, Silverstream House<br data-start=\"4429\" data-end=\"4432\" \/>45 Fitzroy Street<br \/>Fitzrovia<br data-start=\"4449\" data-end=\"4452\" \/>Londres<br \/>Reino Unido<br \/>W1T 6EB<\/p>\n<p data-start=\"4478\" data-end=\"4518\">Correo electr\u00f3nico: <a class=\"decorated-link cursor-pointer\" href=\"mailto:contact@azentraresearchlabs.com\" rel=\"noopener\" data-start=\"4485\" data-end=\"4516\">contact@azentraresearchlabs.com<\/a><\/p>","protected":false},"excerpt":{"rendered":"<p>1. General Information These Terms and Conditions govern the use of this website and the purchase of products offered by<\/p>","protected":false},"author":1,"featured_media":0,"parent":0,"menu_order":0,"comment_status":"closed","ping_status":"closed","template":"","meta":{"footnotes":""},"class_list":["post-772","page","type-page","status-publish","hentry"],"_links":{"self":[{"href":"https:\/\/azentraresearchlabs.com\/es\/wp-json\/wp\/v2\/pages\/772","targetHints":{"allow":["GET"]}}],"collection":[{"href":"https:\/\/azentraresearchlabs.com\/es\/wp-json\/wp\/v2\/pages"}],"about":[{"href":"https:\/\/azentraresearchlabs.com\/es\/wp-json\/wp\/v2\/types\/page"}],"author":[{"embeddable":true,"href":"https:\/\/azentraresearchlabs.com\/es\/wp-json\/wp\/v2\/users\/1"}],"replies":[{"embeddable":true,"href":"https:\/\/azentraresearchlabs.com\/es\/wp-json\/wp\/v2\/comments?post=772"}],"version-history":[{"count":9,"href":"https:\/\/azentraresearchlabs.com\/es\/wp-json\/wp\/v2\/pages\/772\/revisions"}],"predecessor-version":[{"id":1171,"href":"https:\/\/azentraresearchlabs.com\/es\/wp-json\/wp\/v2\/pages\/772\/revisions\/1171"}],"wp:attachment":[{"href":"https:\/\/azentraresearchlabs.com\/es\/wp-json\/wp\/v2\/media?parent=772"}],"curies":[{"name":"wp","href":"https:\/\/api.w.org\/{rel}","templated":true}]}}