{"id":761,"date":"2026-04-04T08:07:03","date_gmt":"2026-04-04T08:07:03","guid":{"rendered":"https:\/\/iszbjg1yp8.onrocket.site\/?page_id=761"},"modified":"2026-04-14T14:52:29","modified_gmt":"2026-04-14T14:52:29","slug":"preguntas-frecuentes","status":"publish","type":"page","link":"https:\/\/azentraresearchlabs.com\/es\/frequently-asked-questions\/","title":{"rendered":"Preguntas frecuentes"},"content":{"rendered":"<div class=\"wp-block-wd-section color-scheme-light wd-00a649e0\">\n<div class=\"wp-block-wd-infobox wd-hover-parent wd-align wd-icon-top wd-97c1e16c\">\n<div class=\"wp-block-wd-icon wd-da2fe74c\"><img loading=\"lazy\" decoding=\"async\" width=\"569\" height=\"568\" class=\"wp-image-121\" src=\"https:\/\/azentraresearchlabs.com\/wp-content\/uploads\/2026\/03\/Azentra-White-Logo-Transparent.png\" alt=\"\" srcset=\"https:\/\/azentraresearchlabs.com\/wp-content\/uploads\/2026\/03\/Azentra-White-Logo-Transparent.png 569w, https:\/\/azentraresearchlabs.com\/wp-content\/uploads\/2026\/03\/Azentra-White-Logo-Transparent-150x150.png 150w, https:\/\/azentraresearchlabs.com\/wp-content\/uploads\/2026\/03\/Azentra-White-Logo-Transparent-300x300.png 300w\" sizes=\"auto, (max-width: 569px) 100vw, 569px\" \/><\/div>\n\n\n\n<div class=\"wp-block-wd-container wd-dir-col wd-d783ab75\">\n<h1 class=\"wp-block-wd-title title wd-6385af35\">Preguntas frecuentes<\/h1>\n<\/div>\n<\/div>\n<\/div>\n\n\n\n<p class=\"wp-block-wd-paragraph wd-c1ff3c1a\">Encuentre respuestas a preguntas comunes sobre nuestros p\u00e9ptidos de investigaci\u00f3n, uso en laboratorio y procesos generales. Esta secci\u00f3n est\u00e1 dise\u00f1ada para proporcionar una gu\u00eda clara e informativa que apoye su comprensi\u00f3n de nuestros productos, c\u00f3mo se desarrollan y c\u00f3mo se pretende utilizarlos en entornos de investigaci\u00f3n controlados. Tambi\u00e9n describe informaci\u00f3n clave para ayudar a proporcionar una mejor comprensi\u00f3n general de nuestro enfoque enfocado en la investigaci\u00f3n.<\/p>\n\n\n\n<div class=\"wp-block-wd-accordion wd-accordion wd-style-shadow wd-titles-start wd-opener-style-arrow wd-opener-pos-end wd-041ad924\" data-state=\"first\">\n<div class=\"wp-block-wd-accordion-pane wd-accordion-item wd-0339a2b9\"><div class=\"wd-accordion-title wd-role-btn wd-active\" tabindex=\"0\"><div class=\"wd-accordion-title-text\"><span>\u00bfQu\u00e9 son los p\u00e9ptidos?<\/span><\/div><span class=\"wd-accordion-opener\"><\/span><\/div><div class=\"wd-accordion-content wd-active\"><div class=\"wd-accordion-content-inner\">\n<p class=\"wp-block-wd-paragraph wd-424185c0\">Los p\u00e9ptidos son cadenas cortas de amino\u00e1cidos que desempe\u00f1an un papel en diversos procesos biol\u00f3gicos. En entornos de investigaci\u00f3n, se estudian com\u00fanmente por su participaci\u00f3n en la actividad celular, la se\u00f1alizaci\u00f3n y las v\u00edas regulatorias.<\/p>\n<\/div><\/div><\/div>\n\n\n\n<div class=\"wp-block-wd-accordion-pane wd-accordion-item wd-d021bc03\"><div class=\"wd-accordion-title wd-role-btn\" tabindex=\"0\"><div class=\"wd-accordion-title-text\"><span>\u00bfQu\u00e9 son los p\u00e9ptidos de investigaci\u00f3n?<\/span><\/div><span class=\"wd-accordion-opener\"><\/span><\/div><div class=\"wd-accordion-content\"><div class=\"wd-accordion-content-inner\">\n<p class=\"wp-block-wd-paragraph wd-feaaa849\">La investigaci\u00f3n de p\u00e9ptidos son compuestos desarrollados para su uso en entornos de laboratorio controlados. Se utilizan en estudios cient\u00edficos para explorar sistemas biol\u00f3gicos, interacciones moleculares y procesos celulares.<\/p>\n<\/div><\/div><\/div>\n\n\n\n<div class=\"wp-block-wd-accordion-pane wd-accordion-item wd-16338f80\"><div class=\"wd-accordion-title wd-role-btn\" tabindex=\"0\"><div class=\"wd-accordion-title-text\"><span>\u00bfCu\u00e1l es el prop\u00f3sito de la investigaci\u00f3n de p\u00e9ptidos?<\/span><\/div><span class=\"wd-accordion-opener\"><\/span><\/div><div class=\"wd-accordion-content\"><div class=\"wd-accordion-content-inner\">\n<p class=\"wp-block-wd-paragraph wd-a28cef51\">La investigaci\u00f3n de p\u00e9ptidos se enfoca en comprender c\u00f3mo interact\u00faan los p\u00e9ptidos dentro de los sistemas biol\u00f3gicos. Esto incluye el estudio de la funci\u00f3n metab\u00f3lica, la comunicaci\u00f3n celular y los mecanismos reguladores en condiciones controladas.<\/p>\n<\/div><\/div><\/div>\n\n\n\n<div class=\"wp-block-wd-accordion-pane wd-accordion-item wd-40cb0b9c\"><div class=\"wd-accordion-title wd-role-btn\" tabindex=\"0\"><div class=\"wd-accordion-title-text\"><span>\u00bfSon seguros sus productos para usar?<\/span><\/div><span class=\"wd-accordion-opener\"><\/span><\/div><div class=\"wd-accordion-content\"><div class=\"wd-accordion-content-inner\">\n<p class=\"wp-block-wd-paragraph wd-746b2f6f\">Nuestros productos se desarrollan estrictamente para fines de investigaci\u00f3n en laboratorio y est\u00e1n dise\u00f1ados para su uso en entornos de investigaci\u00f3n controlados.<\/p>\n<\/div><\/div><\/div>\n\n\n\n<div class=\"wp-block-wd-accordion-pane wd-accordion-item wd-c14e4642\"><div class=\"wd-accordion-title wd-role-btn\" tabindex=\"0\"><div class=\"wd-accordion-title-text\"><span>\u00bfC\u00f3mo se producen sus p\u00e9ptidos?<\/span><\/div><span class=\"wd-accordion-opener\"><\/span><\/div><div class=\"wd-accordion-content\"><div class=\"wd-accordion-content-inner\">\n<p class=\"wp-block-wd-paragraph wd-fd5d2194\">Nuestros p\u00e9ptidos se sintetizan mediante procesos controlados y se someten a medidas de calidad estructuradas para garantizar la consistencia, pureza y fiabilidad en aplicaciones de investigaci\u00f3n.<\/p>\n<\/div><\/div><\/div>\n\n\n\n<div class=\"wp-block-wd-accordion-pane wd-accordion-item wd-f02dd02d\"><div class=\"wd-accordion-title wd-role-btn\" tabindex=\"0\"><div class=\"wd-accordion-title-text\"><span>\u00bfD\u00f3nde puedo ver sus productos disponibles?<\/span><\/div><span class=\"wd-accordion-opener\"><\/span><\/div><div class=\"wd-accordion-content\"><div class=\"wd-accordion-content-inner\">\n<p class=\"wp-block-wd-paragraph wd-cf323c29\">Puede explorar toda nuestra gama de compuestos de investigaci\u00f3n visitando nuestro <a href=\"https:\/\/azentraresearchlabs.com\/es\/catalogo-de-peptidos\/\" data-type=\"page\" data-id=\"656\">P\u00e1gina del cat\u00e1logo de p\u00e9ptidos.<\/a><\/p>\n<\/div><\/div><\/div>\n\n\n\n<div class=\"wp-block-wd-accordion-pane wd-accordion-item wd-8520c6ae\"><div class=\"wd-accordion-title wd-role-btn\" tabindex=\"0\"><div class=\"wd-accordion-title-text\"><span>\u00bfOfrecen env\u00edo a mi pa\u00eds?<\/span><\/div><span class=\"wd-accordion-opener\"><\/span><\/div><div class=\"wd-accordion-content\"><div class=\"wd-accordion-content-inner\">\n<p class=\"wp-block-wd-paragraph wd-f2759ac5\">Actualmente ofrecemos env\u00edos seguros y fiables a pa\u00edses europeos seleccionados, incluyendo Francia, los Pa\u00edses Bajos, Alemania y Espa\u00f1a. Los pedidos se manejan con cuidado y se env\u00edan utilizando socios log\u00edsticos de confianza para garantizar una experiencia de entrega fluida.<\/p>\n<\/div><\/div><\/div>\n\n\n\n<div class=\"wp-block-wd-accordion-pane wd-accordion-item wd-7ef2f9bf\"><div class=\"wd-accordion-title wd-role-btn\" tabindex=\"0\"><div class=\"wd-accordion-title-text\"><span>\u00bfCu\u00e1nto tiempo tarda el procesamiento de un pedido?<\/span><\/div><span class=\"wd-accordion-opener\"><\/span><\/div><div class=\"wd-accordion-content\"><div class=\"wd-accordion-content-inner\">\n<p class=\"wp-block-wd-paragraph wd-25ab64f6\">Los pedidos se procesan t\u00edpicamente dentro de 1 d\u00eda h\u00e1bil despu\u00e9s de la confirmaci\u00f3n del pago. Los pedidos realizados en fines de semana o d\u00edas festivos se procesar\u00e1n el siguiente d\u00eda h\u00e1bil.<\/p>\n<\/div><\/div><\/div>\n\n\n\n<div class=\"wp-block-wd-accordion-pane wd-accordion-item wd-811d039e\"><div class=\"wd-accordion-title wd-role-btn\" tabindex=\"0\"><div class=\"wd-accordion-title-text\"><span>\u00bfCu\u00e1nto tarda la entrega?<\/span><\/div><span class=\"wd-accordion-opener\"><\/span><\/div><div class=\"wd-accordion-content\"><div class=\"wd-accordion-content-inner\">\n<p class=\"wp-block-wd-paragraph wd-b45acd66\">Tiempo estimado de entrega es <strong>1\u20133 d\u00edas h\u00e1biles<\/strong> para todos los pa\u00edses admitidos, incluyendo Francia, los Pa\u00edses Bajos, Alemania y Espa\u00f1a. Los tiempos de entrega son generalmente consistentes pero pueden variar ligeramente debido a las operaciones del mensajero o la demanda estacional.<\/p>\n<\/div><\/div><\/div>\n\n\n\n<div class=\"wp-block-wd-accordion-pane wd-accordion-item wd-65afdb54\"><div class=\"wd-accordion-title wd-role-btn\" tabindex=\"0\"><div class=\"wd-accordion-title-text\"><span>\u00bfCu\u00e1nto cuesta el env\u00edo?<\/span><\/div><span class=\"wd-accordion-opener\"><\/span><\/div><div class=\"wd-accordion-content\"><div class=\"wd-accordion-content-inner\">\n<p class=\"wp-block-wd-paragraph wd-56a54940\">Los gastos de env\u00edo se fijan en funci\u00f3n de la cantidad del pedido:<\/p>\n\n\n\n<ul class=\"wp-block-wd-list wd-list wd-type-unordered wd-style-default wd-ce7f3087\">\n<li class=\"wp-block-wd-list-item wd-3d2caab5\"><div class=\"wd-icon\"><\/div><span class=\"wd-list-content\">Pedidos de un solo bol\u00edgrafo: 9,99 \u20ac<\/span><\/li>\n\n\n\n<li class=\"wp-block-wd-list-item wd-fa64474f\"><div class=\"wd-icon\"><\/div><span class=\"wd-list-content\">Pedidos con m\u00e1s de un bol\u00edgrafo: 19,99 euros<\/span><\/li>\n<\/ul>\n<\/div><\/div><\/div>\n\n\n\n<div class=\"wp-block-wd-accordion-pane wd-accordion-item wd-c8466156\"><div class=\"wd-accordion-title wd-role-btn\" tabindex=\"0\"><div class=\"wd-accordion-title-text\"><span>\u00bfRecibir\u00e9 informaci\u00f3n de seguimiento?<\/span><\/div><span class=\"wd-accordion-opener\"><\/span><\/div><div class=\"wd-accordion-content\"><div class=\"wd-accordion-content-inner\">\n<p class=\"wp-block-wd-paragraph wd-00f9cad8\">S\u00ed, una vez que su pedido haya sido enviado, se le pueden proporcionar los detalles de seguimiento por correo electr\u00f3nico para que pueda supervisar su env\u00edo durante el proceso de entrega.<\/p>\n<\/div><\/div><\/div>\n\n\n\n<div class=\"wp-block-wd-accordion-pane wd-accordion-item wd-895cf7a5\"><div class=\"wd-accordion-title wd-role-btn\" tabindex=\"0\"><div class=\"wd-accordion-title-text\"><span>\u00bfQu\u00e9 debo comprobar antes de hacer un pedido?<\/span><\/div><span class=\"wd-accordion-opener\"><\/span><\/div><div class=\"wd-accordion-content\"><div class=\"wd-accordion-content-inner\">\n<p class=\"wp-block-wd-paragraph wd-c99b4bb1\">Por favor, aseg\u00farese de que los detalles de su env\u00edo sean precisos y completos. No somos responsables de los retrasos o problemas de entrega causados por informaci\u00f3n de direcci\u00f3n incorrecta. Los plazos de entrega son estimados y pueden verse afectados por factores relacionados con el mensajero.<\/p>\n<\/div><\/div><\/div>\n\n\n\n<div class=\"wp-block-wd-accordion-pane wd-accordion-item wd-9b567426\"><div class=\"wd-accordion-title wd-role-btn\" tabindex=\"0\"><div class=\"wd-accordion-title-text\"><span>\u00bfExisten requisitos de conformidad para hacer pedidos?<\/span><\/div><span class=\"wd-accordion-opener\"><\/span><\/div><div class=\"wd-accordion-content\"><div class=\"wd-accordion-content-inner\">\n<p class=\"wp-block-wd-paragraph wd-5c3f58d4\">Todos los productos est\u00e1n destinados estrictamente para uso en investigaci\u00f3n y laboratorio \u00fanicamente. No est\u00e1n destinados al consumo humano ni al uso m\u00e9dico. Los clientes son responsables de garantizar que su compra cumpla con las leyes y regulaciones locales antes de realizar un pedido.<\/p>\n<\/div><\/div><\/div>\n<\/div>\n\n\n\n<div class=\"wp-block-wd-divider wd-style-line wd-8859b643\"><\/div>\n\n\n\n<p class=\"wp-block-wd-paragraph wd-aa67a6df\"><strong><em>Todos los productos est\u00e1n destinados \u00fanicamente a fines de investigaci\u00f3n de laboratorio.<\/em><\/strong><\/p>","protected":false},"excerpt":{"rendered":"","protected":false},"author":1,"featured_media":0,"parent":0,"menu_order":0,"comment_status":"closed","ping_status":"closed","template":"","meta":{"footnotes":""},"class_list":["post-761","page","type-page","status-publish","hentry"],"_links":{"self":[{"href":"https:\/\/azentraresearchlabs.com\/es\/wp-json\/wp\/v2\/pages\/761","targetHints":{"allow":["GET"]}}],"collection":[{"href":"https:\/\/azentraresearchlabs.com\/es\/wp-json\/wp\/v2\/pages"}],"about":[{"href":"https:\/\/azentraresearchlabs.com\/es\/wp-json\/wp\/v2\/types\/page"}],"author":[{"embeddable":true,"href":"https:\/\/azentraresearchlabs.com\/es\/wp-json\/wp\/v2\/users\/1"}],"replies":[{"embeddable":true,"href":"https:\/\/azentraresearchlabs.com\/es\/wp-json\/wp\/v2\/comments?post=761"}],"version-history":[{"count":8,"href":"https:\/\/azentraresearchlabs.com\/es\/wp-json\/wp\/v2\/pages\/761\/revisions"}],"predecessor-version":[{"id":885,"href":"https:\/\/azentraresearchlabs.com\/es\/wp-json\/wp\/v2\/pages\/761\/revisions\/885"}],"wp:attachment":[{"href":"https:\/\/azentraresearchlabs.com\/es\/wp-json\/wp\/v2\/media?parent=761"}],"curies":[{"name":"wp","href":"https:\/\/api.w.org\/{rel}","templated":true}]}}