{"id":445,"date":"2026-03-30T07:43:39","date_gmt":"2026-03-30T07:43:39","guid":{"rendered":"https:\/\/iszbjg1yp8.onrocket.site\/?page_id=445"},"modified":"2026-04-14T14:58:38","modified_gmt":"2026-04-14T14:58:38","slug":"acerca-de","status":"publish","type":"page","link":"https:\/\/azentraresearchlabs.com\/es\/about\/","title":{"rendered":"Acerca de"},"content":{"rendered":"<div class=\"wp-block-wd-section color-scheme-light wd-00a649e0\">\n<div class=\"wp-block-wd-infobox wd-hover-parent wd-align wd-icon-top wd-97c1e16c\">\n<div class=\"wp-block-wd-icon wd-da2fe74c\"><img loading=\"lazy\" decoding=\"async\" width=\"569\" height=\"568\" class=\"wp-image-121\" src=\"https:\/\/azentraresearchlabs.com\/wp-content\/uploads\/2026\/03\/Azentra-White-Logo-Transparent.png\" alt=\"\" srcset=\"https:\/\/azentraresearchlabs.com\/wp-content\/uploads\/2026\/03\/Azentra-White-Logo-Transparent.png 569w, https:\/\/azentraresearchlabs.com\/wp-content\/uploads\/2026\/03\/Azentra-White-Logo-Transparent-150x150.png 150w, https:\/\/azentraresearchlabs.com\/wp-content\/uploads\/2026\/03\/Azentra-White-Logo-Transparent-300x300.png 300w\" sizes=\"auto, (max-width: 569px) 100vw, 569px\" \/><\/div>\n\n\n\n<div class=\"wp-block-wd-container wd-dir-col wd-d783ab75\">\n<h1 class=\"wp-block-wd-title title wd-6385af35\">Acerca de Azentra<\/h1>\n<\/div>\n<\/div>\n<\/div>\n\n\n\n<div class=\"wp-block-wd-row wd-d76f1e74\">\n<div class=\"wp-block-wd-column wd-d2a1361a\">\n<div class=\"wp-block-wd-cover wd-hover-parent wd-f4fbfa6f\"><div class=\"wd-block-cover-img\"><img loading=\"lazy\" decoding=\"async\" width=\"1024\" height=\"683\" src=\"https:\/\/azentraresearchlabs.com\/wp-content\/uploads\/2026\/03\/Azentra-Laboratories-Office.webp\" class=\"wp-image-456\" alt=\"\" srcset=\"https:\/\/azentraresearchlabs.com\/wp-content\/uploads\/2026\/03\/Azentra-Laboratories-Office.webp 1024w, https:\/\/azentraresearchlabs.com\/wp-content\/uploads\/2026\/03\/Azentra-Laboratories-Office-1000x667.webp 1000w, https:\/\/azentraresearchlabs.com\/wp-content\/uploads\/2026\/03\/Azentra-Laboratories-Office-150x100.webp 150w, https:\/\/azentraresearchlabs.com\/wp-content\/uploads\/2026\/03\/Azentra-Laboratories-Office-300x200.webp 300w, https:\/\/azentraresearchlabs.com\/wp-content\/uploads\/2026\/03\/Azentra-Laboratories-Office-768x512.webp 768w, https:\/\/azentraresearchlabs.com\/wp-content\/uploads\/2026\/03\/Azentra-Laboratories-Office-600x400.webp 600w\" sizes=\"auto, (max-width: 1024px) 100vw, 1024px\" \/><\/div>\n<div class=\"wp-block-wd-container wd-dir-col wd-05a7e772\"><\/div>\n<\/div>\n\n\n\n<p data-start=\"285\" data-end=\"693\">Azentra Research Laboratories es un laboratorio centrado en la investigaci\u00f3n dedicado a promover el conocimiento cient\u00edfico en la ciencia de los p\u00e9ptidos. Apoyamos la innovaci\u00f3n en los sectores acad\u00e9mico, farmac\u00e9utico y biotecnol\u00f3gico proporcionando compuestos de investigaci\u00f3n de alta calidad dise\u00f1ados para aplicaciones de laboratorio controladas. Nuestro trabajo enfatiza la funci\u00f3n metab\u00f3lica, los procesos celulares y las v\u00edas regulatorias dentro de entornos de investigaci\u00f3n estructurados.<\/p>\n<p data-start=\"695\" data-end=\"1127\">Con una s\u00f3lida base en el desarrollo de p\u00e9ptidos, Azentra se especializa en la s\u00edntesis, caracterizaci\u00f3n y validaci\u00f3n anal\u00edtica de p\u00e9ptidos de investigaci\u00f3n. Cada compuesto se produce con precisi\u00f3n para respaldar la consistencia, la reproducibilidad y la fiabilidad en una amplia gama de modelos experimentales. Nuestros procesos est\u00e1n dise\u00f1ados para alinearse con los est\u00e1ndares de investigaci\u00f3n modernos, garantizando que cada producto cumpla con estrictos puntos de referencia de calidad internos.<\/p>\n<p data-start=\"1129\" data-end=\"1535\">Nuestras operaciones de laboratorio se rigen por metodolog\u00edas avanzadas y un enfoque detallado del control de calidad. Desde la selecci\u00f3n de materias primas hasta la formulaci\u00f3n final, implementamos protocolos estructurados para ayudar a mantener la pureza y la integridad en cada etapa de la producci\u00f3n. Esto permite a los investigadores trabajar con confianza al realizar estudios complejos que involucran interacciones multirrutas y sistemas biol\u00f3gicos.<\/p>\n<p data-start=\"1537\" data-end=\"1932\">En Azentra, reconocemos la importancia de la precisi\u00f3n y la coherencia en la investigaci\u00f3n cient\u00edfica. Nuestro equipo est\u00e1 comprometido a apoyar las necesidades cambiantes de la comunidad de investigaci\u00f3n refinando continuamente nuestros procesos y manteniendo un alto est\u00e1ndar de confiabilidad del producto. Nuestro objetivo es contribuir a los esfuerzos de investigaci\u00f3n en curso al ofrecer materiales confiables adecuados para uso controlado y profesional.<\/p>\n<p data-start=\"1934\" data-end=\"2216\">A trav\u00e9s de un enfoque en la innovaci\u00f3n, la precisi\u00f3n y la colaboraci\u00f3n, Azentra se esfuerza por ser un socio de confianza en la investigaci\u00f3n de p\u00e9ptidos. Nuestra misi\u00f3n es apoyar el progreso cient\u00edfico mediante la entrega de compuestos de investigaci\u00f3n bien caracterizados que se alineen con las demandas de los entornos de laboratorio modernos.<\/p>\n<\/div>\n<\/div>","protected":false},"excerpt":{"rendered":"","protected":false},"author":1,"featured_media":0,"parent":0,"menu_order":0,"comment_status":"closed","ping_status":"closed","template":"","meta":{"footnotes":""},"class_list":["post-445","page","type-page","status-publish","hentry"],"_links":{"self":[{"href":"https:\/\/azentraresearchlabs.com\/es\/wp-json\/wp\/v2\/pages\/445","targetHints":{"allow":["GET"]}}],"collection":[{"href":"https:\/\/azentraresearchlabs.com\/es\/wp-json\/wp\/v2\/pages"}],"about":[{"href":"https:\/\/azentraresearchlabs.com\/es\/wp-json\/wp\/v2\/types\/page"}],"author":[{"embeddable":true,"href":"https:\/\/azentraresearchlabs.com\/es\/wp-json\/wp\/v2\/users\/1"}],"replies":[{"embeddable":true,"href":"https:\/\/azentraresearchlabs.com\/es\/wp-json\/wp\/v2\/comments?post=445"}],"version-history":[{"count":6,"href":"https:\/\/azentraresearchlabs.com\/es\/wp-json\/wp\/v2\/pages\/445\/revisions"}],"predecessor-version":[{"id":887,"href":"https:\/\/azentraresearchlabs.com\/es\/wp-json\/wp\/v2\/pages\/445\/revisions\/887"}],"wp:attachment":[{"href":"https:\/\/azentraresearchlabs.com\/es\/wp-json\/wp\/v2\/media?parent=445"}],"curies":[{"name":"wp","href":"https:\/\/api.w.org\/{rel}","templated":true}]}}