{"id":1042,"date":"2026-04-21T16:18:48","date_gmt":"2026-04-21T16:18:48","guid":{"rendered":"https:\/\/azentraresearchlabs.com\/disclaimer\/"},"modified":"2026-04-27T10:09:08","modified_gmt":"2026-04-27T10:09:08","slug":"descargo-de-responsabilidad","status":"publish","type":"page","link":"https:\/\/azentraresearchlabs.com\/es\/disclaimer\/","title":{"rendered":"Descargo de responsabilidad"},"content":{"rendered":"<div class=\"wp-block-wd-section color-scheme-light wd-00a649e0\">\n<div class=\"wp-block-wd-infobox wd-hover-parent wd-align wd-icon-top wd-97c1e16c\">\n<div class=\"wp-block-wd-icon wd-da2fe74c\"><img loading=\"lazy\" decoding=\"async\" width=\"569\" height=\"568\" class=\"wp-image-121\" src=\"https:\/\/azentraresearchlabs.com\/wp-content\/uploads\/2026\/03\/Azentra-White-Logo-Transparent.png\" alt=\"\" srcset=\"https:\/\/azentraresearchlabs.com\/wp-content\/uploads\/2026\/03\/Azentra-White-Logo-Transparent.png 569w, https:\/\/azentraresearchlabs.com\/wp-content\/uploads\/2026\/03\/Azentra-White-Logo-Transparent-150x150.png 150w, https:\/\/azentraresearchlabs.com\/wp-content\/uploads\/2026\/03\/Azentra-White-Logo-Transparent-300x300.png 300w\" sizes=\"auto, (max-width: 569px) 100vw, 569px\" \/><\/div>\n\n\n\n<div class=\"wp-block-wd-container wd-dir-col wd-d783ab75\">\n<h1 class=\"wp-block-wd-title title wd-6385af35\">Descargo de responsabilidad<\/h1>\n<\/div>\n<\/div>\n<\/div>\n\n\n\n<div class=\"wp-block-wd-container wd-dir-col wd-749366bf wd-custom-width\">\n<!-- Legal document generated by Complianz | GDPR\/CCPA Cookie Consent https:\/\/wordpress.org\/plugins\/complianz-gdpr -->\n<div id=\"cmplz-document\" class=\"cmplz-document disclaimer cmplz-document-all\"><p>AZRL LTD se compromete a mantener este sitio web actualizado y preciso. Si, a pesar de todo, encontrara algo incorrecto o desactualizado, le agradecer\u00edamos que nos lo hiciera saber. Por favor, indique en qu\u00e9 parte del sitio web ha le\u00eddo la informaci\u00f3n. La revisaremos lo antes posible. Por favor, env\u00ede su duda por correo electr\u00f3nico a: <span class=\"cmplz-obfuscate\">contac&#116;@<span class=\"cmplz-fmail-domain\">e&#120;&#046;&#099;om<\/span>az&#101;ntra&#114;e&#115;ea&#114;&#099;&#104;l&#097;&#098;&#115;&#046;&#099;om<\/span>.<\/p><p>No nos hacemos responsables de las p\u00e9rdidas que resulten de inexactitudes o datos incompletos, ni de p\u00e9rdidas que se produzcan como resultado de problemas causados por, o inherentes a, la difusi\u00f3n de informaci\u00f3n a trav\u00e9s de Internet, como interrupciones o fallos. Al utilizar formularios web, nos esforzamos por limitar al m\u00ednimo el n\u00famero de campos obligatorios. Para cualquier p\u00e9rdida sufrida como resultado del uso de datos, consejos o ideas proporcionadas por AZRL LTD o en su nombre a trav\u00e9s de esta web, AZRL LTD no acepta ninguna responsabilidad.<\/p><p>El uso de la web y todos sus componentes (incluidos los foros) est\u00e1 sujeto a las <a href=\"https:\/\/azentraresearchlabs.com\/es\/terminos-y-condiciones\/\" target=\"_blank\">condiciones de uso<\/a>. El mero uso de esta web implica el conocimiento y la aceptaci\u00f3n de estas condiciones de uso.<\/p><p>Cualquier dato personal que nos proporcione en el contexto de su respuesta o solicitud de informaci\u00f3n s\u00f3lo se utilizar\u00e1 de acuerdo con nuestra declaraci\u00f3n de privacidad.<\/p><p>AZRL LTD no se hace responsable del contenido de las p\u00e1ginas web a las que se hace referencia mediante hiperenlaces u otras referencias. Los productos o servicios ofrecidos por terceros estar\u00e1n sujetos a los t\u00e9rminos y condiciones aplicables de dichos terceros.<\/p><p>Todos los derechos de propiedad intelectual sobre el contenido de esta web pertenecen a AZRL LTD.<\/p><p>La copia, difusi\u00f3n y cualquier otro uso de estos materiales no est\u00e1 permitido sin el permiso escrito de AZRL LTD, excepto y s\u00f3lo en la medida en que se estipule lo contrario en los reglamentos de la ley obligatoria (como el derecho de cita), a menos que el contenido espec\u00edfico dicte lo contrario.<\/p><p>Si tiene alguna pregunta o problema con la accesibilidad de la web, no dude en ponerse en contacto con nosotros.<\/p><\/div>\n\n\n<h3>Solo para uso de investigaci\u00f3n Descargo de responsabilidad<\/h3>\n\n<p>Todos los productos disponibles en este sitio web est\u00e1n destinados estrictamente para uso en investigaci\u00f3n y laboratorio \u00fanicamente. No est\u00e1n destinados para el consumo humano, uso m\u00e9dico o aplicaci\u00f3n terap\u00e9utica. Estos productos solo deben ser manipulados por profesionales cualificados en entornos de laboratorio controlados.<\/p>\n\n<p>AZRL LTD no promueve ni aprueba el uso de ning\u00fan producto para fines distintos a la investigaci\u00f3n cient\u00edfica leg\u00edtima. Al comprar en este sitio web, usted reconoce que est\u00e1 al tanto de la naturaleza de los productos y acepta usarlos de acuerdo con todas las leyes y regulaciones aplicables.<\/p>\n\n<p>Es responsabilidad del cliente asegurarse de que el uso, manejo y almacenamiento de cualquier producto comprado en este sitio web cumplan con las leyes y regulaciones locales dentro de su jurisdicci\u00f3n.<\/p>\n<\/div>","protected":false},"excerpt":{"rendered":"","protected":false},"author":1,"featured_media":0,"parent":0,"menu_order":0,"comment_status":"closed","ping_status":"closed","template":"","meta":{"footnotes":""},"class_list":["post-1042","page","type-page","status-publish","hentry"],"_links":{"self":[{"href":"https:\/\/azentraresearchlabs.com\/es\/wp-json\/wp\/v2\/pages\/1042","targetHints":{"allow":["GET"]}}],"collection":[{"href":"https:\/\/azentraresearchlabs.com\/es\/wp-json\/wp\/v2\/pages"}],"about":[{"href":"https:\/\/azentraresearchlabs.com\/es\/wp-json\/wp\/v2\/types\/page"}],"author":[{"embeddable":true,"href":"https:\/\/azentraresearchlabs.com\/es\/wp-json\/wp\/v2\/users\/1"}],"replies":[{"embeddable":true,"href":"https:\/\/azentraresearchlabs.com\/es\/wp-json\/wp\/v2\/comments?post=1042"}],"version-history":[{"count":2,"href":"https:\/\/azentraresearchlabs.com\/es\/wp-json\/wp\/v2\/pages\/1042\/revisions"}],"predecessor-version":[{"id":1127,"href":"https:\/\/azentraresearchlabs.com\/es\/wp-json\/wp\/v2\/pages\/1042\/revisions\/1127"}],"wp:attachment":[{"href":"https:\/\/azentraresearchlabs.com\/es\/wp-json\/wp\/v2\/media?parent=1042"}],"curies":[{"name":"wp","href":"https:\/\/api.w.org\/{rel}","templated":true}]}}