{"id":1041,"date":"2026-04-21T16:18:48","date_gmt":"2026-04-21T16:18:48","guid":{"rendered":"https:\/\/azentraresearchlabs.com\/imprint\/"},"modified":"2026-04-26T06:45:36","modified_gmt":"2026-04-26T06:45:36","slug":"huella","status":"publish","type":"page","link":"https:\/\/azentraresearchlabs.com\/es\/imprint\/","title":{"rendered":"Impresi\u00f3n"},"content":{"rendered":"<!-- Legal document generated by Complianz | GDPR\/CCPA Cookie Consent https:\/\/wordpress.org\/plugins\/complianz-gdpr -->\n<div id=\"cmplz-document\" class=\"cmplz-document impressum cmplz-document-all\"><p><i>Este aviso legal \/ imprint fue actualizado por \u00faltima vez el abril 26, 2026.<\/i><\/p><p class=\"cmplz-subtitle\">El propietario de esta web es:<\/p><p>AZRL LTD<br>4\u00aa Planta, Silverstream House<br \/>\n45 Fitzroy Street<br \/>\nFitzrovia<br \/>\nLondres<br \/>\nW1T 6EB<br>Reino Unido<br>Correo electr\u00f3nico:&nbsp;<span class=\"cmplz-obfuscate\">&#099;&#111;&#110;&#116;act@<span class=\"cmplz-fmail-domain\">e&#120;.com<\/span>&#097;ze&#110;tr&#097;r&#101;s&#101;a&#114;chl&#097;&#098;&#115;.&#099;om<\/span><br>N\u00famero de tel\u00e9fono: +447345386622<br><\/p><p class=\"cmplz-subtitle\">El\/Los representante\/s legal\/es de AZRL LTD Limited:<\/p><p>Henrietta Horvath<\/p><h2>1. General<\/h2><p class=\"cmplz-subtitle\">1.1 Estamos registrados en Companies House (United Kingdom) bajo el n\u00famero de licencia o registro:<\/p><p>17161570<\/p><p>Estamos dispuestos u obligados a participar en procedimientos de resoluci\u00f3n de conflictos ante una junta de arbitraje de consumo.<\/p><h2>2. La siguiente informaci\u00f3n es obligatoria seg\u00fan la legislaci\u00f3n alemana.<\/h2><\/div>","protected":false},"excerpt":{"rendered":"","protected":false},"author":1,"featured_media":0,"parent":0,"menu_order":0,"comment_status":"closed","ping_status":"closed","template":"","meta":{"footnotes":""},"class_list":["post-1041","page","type-page","status-publish","hentry"],"_links":{"self":[{"href":"https:\/\/azentraresearchlabs.com\/es\/wp-json\/wp\/v2\/pages\/1041","targetHints":{"allow":["GET"]}}],"collection":[{"href":"https:\/\/azentraresearchlabs.com\/es\/wp-json\/wp\/v2\/pages"}],"about":[{"href":"https:\/\/azentraresearchlabs.com\/es\/wp-json\/wp\/v2\/types\/page"}],"author":[{"embeddable":true,"href":"https:\/\/azentraresearchlabs.com\/es\/wp-json\/wp\/v2\/users\/1"}],"replies":[{"embeddable":true,"href":"https:\/\/azentraresearchlabs.com\/es\/wp-json\/wp\/v2\/comments?post=1041"}],"version-history":[{"count":1,"href":"https:\/\/azentraresearchlabs.com\/es\/wp-json\/wp\/v2\/pages\/1041\/revisions"}],"predecessor-version":[{"id":1115,"href":"https:\/\/azentraresearchlabs.com\/es\/wp-json\/wp\/v2\/pages\/1041\/revisions\/1115"}],"wp:attachment":[{"href":"https:\/\/azentraresearchlabs.com\/es\/wp-json\/wp\/v2\/media?parent=1041"}],"curies":[{"name":"wp","href":"https:\/\/api.w.org\/{rel}","templated":true}]}}