{"id":875,"date":"2026-04-14T11:27:25","date_gmt":"2026-04-14T11:27:25","guid":{"rendered":"https:\/\/azentraresearchlabs.com\/?page_id=875"},"modified":"2026-04-20T14:41:04","modified_gmt":"2026-04-20T14:41:04","slug":"kontaktieren-sie-uns","status":"publish","type":"page","link":"https:\/\/azentraresearchlabs.com\/de\/contact-us\/","title":{"rendered":"Kontakt"},"content":{"rendered":"<div class=\"wp-block-wd-section color-scheme-light wd-00a649e0\">\n<div class=\"wp-block-wd-infobox wd-hover-parent wd-align wd-icon-top wd-97c1e16c\">\n<div class=\"wp-block-wd-icon wd-da2fe74c\"><img loading=\"lazy\" decoding=\"async\" width=\"569\" height=\"568\" class=\"wp-image-121\" src=\"https:\/\/azentraresearchlabs.com\/wp-content\/uploads\/2026\/03\/Azentra-White-Logo-Transparent.png\" alt=\"\" srcset=\"https:\/\/azentraresearchlabs.com\/wp-content\/uploads\/2026\/03\/Azentra-White-Logo-Transparent.png 569w, https:\/\/azentraresearchlabs.com\/wp-content\/uploads\/2026\/03\/Azentra-White-Logo-Transparent-150x150.png 150w, https:\/\/azentraresearchlabs.com\/wp-content\/uploads\/2026\/03\/Azentra-White-Logo-Transparent-300x300.png 300w\" sizes=\"auto, (max-width: 569px) 100vw, 569px\" \/><\/div>\n\n\n\n<div class=\"wp-block-wd-container wd-dir-col wd-d783ab75\">\n<h1 class=\"wp-block-wd-title title wd-6385af35\">Kontakt<\/h1>\n<\/div>\n<\/div>\n<\/div>\n\n\n\n<div class=\"wp-block-wd-container wd-dir-col wd-c75f18de wd-custom-width\">\n<div class=\"wp-block-wd-divider wd-style-line wd-added-title wd-e69ee925\"><div class=\"wd-divider-inner\">\n<h2 class=\"wp-block-wd-title title wd-52a1d068\">Wir w\u00fcrden gerne von Ihnen h\u00f6ren!<\/h2>\n<\/div><\/div>\n\n\n\n<p class=\"wp-block-wd-paragraph wd-align wd-0b9c7ba5\">Wir begr\u00fc\u00dfen Ihre Anfragen. Bei Fragen zu unseren Forschungspetiden, Bestellungen oder allgemeinen Informationen kontaktieren Sie uns bitte und unser Team wird Ihnen umgehend weiterhelfen.<\/p>\n\n\n\n<div class=\"forminator-ui forminator-custom-form forminator-custom-form-891 forminator-design--default  forminator_ajax\" data-forminator-render=\"0\" data-form=\"forminator-module-891\" data-uid=\"69f5502526aaa\"><br\/><\/div><form\n\t\t\t\tid=\"forminator-module-891\"\n\t\t\t\tclass=\"forminator-ui forminator-custom-form forminator-custom-form-891 forminator-design--default  forminator_ajax\"\n\t\t\t\tmethod=\"post\"\n\t\t\t\tdata-forminator-render=\"0\"\n\t\t\t\tdata-form-id=\"891\"\n\t\t\t\t data-color-option=\"theme\" data-design=\"default\" data-grid=\"open\" style=\"display: none;\"\n\t\t\t\tdata-uid=\"69f5502526aaa\" action=\"\"\n\t\t\t><div role=\"alert\" aria-live=\"polite\" class=\"forminator-response-message forminator-error\" aria-hidden=\"true\"><\/div><div class=\"forminator-row\"><div id=\"name-1\" class=\"forminator-field-name forminator-col forminator-col-6\"><div class=\"forminator-field\"><label for=\"forminator-field-name-1_69f5502526aaa\" id=\"forminator-field-name-1_69f5502526aaa-label\" class=\"forminator-label\">Vollst\u00e4ndiger Name <span class=\"forminator-required\">*<\/span><\/label><input type=\"text\" name=\"name-1\" value=\"\" placeholder=\"\" id=\"forminator-field-name-1_69f5502526aaa\" class=\"forminator-input forminator-name--field\" aria-required=\"true\" autocomplete=\"name\" \/><\/div><\/div><div id=\"text-1\" class=\"forminator-field-text forminator-col forminator-col-6\"><div class=\"forminator-field\"><label for=\"forminator-field-text-1_69f5502526aaa\" id=\"forminator-field-text-1_69f5502526aaa-label\" class=\"forminator-label\">Firmenname<\/label><input type=\"text\" name=\"text-1\" value=\"\" placeholder=\"\" id=\"forminator-field-text-1_69f5502526aaa\" class=\"forminator-input forminator-name--field\" data-required=\"\" \/><\/div><\/div><\/div><div class=\"forminator-row\"><div id=\"email-1\" class=\"forminator-field-email forminator-col forminator-col-6\"><div class=\"forminator-field\"><label for=\"forminator-field-email-1_69f5502526aaa\" id=\"forminator-field-email-1_69f5502526aaa-label\" class=\"forminator-label\">E-Mail-Adresse <span class=\"forminator-required\">*<\/span><\/label><input type=\"email\" name=\"email-1\" value=\"\" placeholder=\"\" id=\"forminator-field-email-1_69f5502526aaa\" class=\"forminator-input forminator-email--field\" data-required=\"true\" aria-required=\"true\" autocomplete=\"email\" \/><\/div><\/div><div id=\"phone-1\" class=\"forminator-field-phone forminator-col forminator-col-6\"><div class=\"forminator-field\"><label for=\"forminator-field-phone-1_69f5502526aaa\" id=\"forminator-field-phone-1_69f5502526aaa-label\" class=\"forminator-label\">Telefonnummer <span class=\"forminator-required\">*<\/span><\/label><input type=\"text\" name=\"phone-1\" value=\"\" placeholder=\"\" id=\"forminator-field-phone-1_69f5502526aaa\" class=\"forminator-input forminator-field--phone\" data-required=\"1\" aria-required=\"true\" autocomplete=\"off\" data-national_mode=\"disabled\" data-country=\"fr\" data-validation=\"international\" \/><\/div><\/div><\/div><div class=\"forminator-row\"><div id=\"textarea-1\" class=\"forminator-field-textarea forminator-col forminator-col-12\"><div class=\"forminator-field\"><label for=\"forminator-field-textarea-1_69f5502526aaa\" id=\"forminator-field-textarea-1_69f5502526aaa-label\" class=\"forminator-label\">Nachricht <span class=\"forminator-required\">*<\/span><\/label><textarea name=\"textarea-1\" placeholder=\"\" id=\"forminator-field-textarea-1_69f5502526aaa\" class=\"forminator-textarea\" rows=\"6\" style=\"--forminator-textarea-min-height:140px;\" ><\/textarea><\/div><\/div><\/div><div class=\"forminator-row\"><div id=\"captcha-1\" class=\"forminator-field-captcha forminator-col forminator-col-12\"><div class=\"forminator-captcha-left forminator-turnstile\" data-theme=\"light\" data-language=\"de-de\" data-sitekey=\"0x4AAAAAAC9hnzSTQNXDLET3\" data-size=\"flexible\"><\/div> <\/div><\/div><input type=\"hidden\" name=\"referer_url\" value=\"\" \/><div class=\"forminator-row forminator-row-last\"><div class=\"forminator-col\"><div class=\"forminator-field\"><button class=\"forminator-button forminator-button-submit\">Einreichen<\/button><\/div><\/div><\/div><input type=\"hidden\" id=\"forminator_nonce\" name=\"forminator_nonce\" value=\"57a1a245c9\" \/><input type=\"hidden\" name=\"_wp_http_referer\" value=\"\/de\/wp-json\/wp\/v2\/pages\/875\" \/><input type=\"hidden\" name=\"form_id\" value=\"891\"><input type=\"hidden\" name=\"page_id\" value=\"875\"><input type=\"hidden\" name=\"form_type\" value=\"default\"><input type=\"hidden\" name=\"current_url\" value=\"https:\/\/azentraresearchlabs.com\/de\/contact-us\/\"><input type=\"hidden\" name=\"render_id\" value=\"0\"><input type=\"hidden\" name=\"action\" value=\"forminator_submit_form_custom-forms\"><input type=\"hidden\" name=\"trp-form-language\" value=\"de\"\/><\/form>\n\n\n\n<div class=\"wp-block-wd-divider wd-style-line wd-added-title wd-c3fd87b1\"><div class=\"wd-divider-inner\">\n<h2 class=\"wp-block-wd-title title wd-1e5f0598\">Kontaktinformationen<\/h2>\n<\/div><\/div>\n\n\n\n<div class=\"wp-block-wd-infobox wd-hover-parent wd-align wd-icon-top wd-dc3c986c\">\n<div class=\"wp-block-wd-icon wd-c3d12715\"><img decoding=\"async\" class=\"wp-image-882\" src=\"https:\/\/azentraresearchlabs.com\/wp-content\/uploads\/2026\/04\/w-map-placeholder-3.svg\" alt=\"\"\/><\/div>\n\n\n\n<div class=\"wp-block-wd-container wd-dir-col wd-864ecdd4\">\n<p>AZRL LTD<br>4. Stock, Silverstream House<br>45 Fitzroy Street, Fitzrovia<br>London<br>W1T 6EB<\/p>\n<\/div>\n<\/div>\n\n\n\n<div class=\"wp-block-wd-infobox wd-hover-parent wd-align wd-icon-top wd-0e5e5626\">\n<div class=\"wp-block-wd-icon wd-8c378d50\"><img decoding=\"async\" class=\"wp-image-881\" src=\"https:\/\/azentraresearchlabs.com\/wp-content\/uploads\/2026\/04\/w-chat.svg\" alt=\"\"\/><\/div>\n\n\n\n<div class=\"wp-block-wd-container wd-dir-col wd-5ae31587\">\n<p class=\"wp-block-wd-paragraph wd-3c766b23\"><a href=\"mailto:contact@azentraresearchlabs.com\">contact@azentraresearchlabs.com<\/a><\/p>\n<\/div>\n<\/div>\n\n\n\n<div class=\"wp-block-wd-infobox wd-hover-parent wd-align wd-icon-top wd-123ab738\">\n<div class=\"wp-block-wd-icon wd-32fe681b\"><img decoding=\"async\" class=\"wp-image-879\" src=\"https:\/\/azentraresearchlabs.com\/wp-content\/uploads\/2026\/04\/w-cellphone.svg\" alt=\"\"\/><\/div>\n\n\n\n<div class=\"wp-block-wd-container wd-dir-col wd-a0c67ec8\">\n<p class=\"wp-block-wd-paragraph wd-796b7fc0\"><a href=\"tel:447345386622\">+447345386622<\/a><\/p>\n<\/div>\n<\/div>\n\n\n\n<div class=\"wp-block-wd-divider wd-style-line wd-added-title wd-2b8ff77a\"><div class=\"wd-divider-inner\">\n<h2 class=\"wp-block-wd-title title wd-86c25477\">Allgemeine Fragen<\/h2>\n<\/div><\/div>\n\n\n\n<div class=\"wp-block-wd-accordion wd-accordion wd-style-shadow wd-titles-start wd-opener-style-arrow wd-opener-pos-end wd-041ad924\" data-state=\"all\">\n<div class=\"wp-block-wd-accordion-pane wd-accordion-item wd-8520c6ae\"><div class=\"wd-accordion-title wd-role-btn\" tabindex=\"0\"><div class=\"wd-accordion-title-text\"><span>Bieten Sie Lieferung in mein Land an?<\/span><\/div><span class=\"wd-accordion-opener\"><\/span><\/div><div class=\"wd-accordion-content\"><div class=\"wd-accordion-content-inner\">\n<p class=\"wp-block-wd-paragraph wd-f2759ac5\">Wir bieten derzeit sichere und zuverl\u00e4ssige Lieferungen in ausgew\u00e4hlte europ\u00e4ische L\u00e4nder, darunter Frankreich, die Niederlande, Deutschland und Spanien. Bestellungen werden sorgf\u00e4ltig bearbeitet und mit vertrauensw\u00fcrdigen Logistikpartnern versendet, um ein reibungsloses Liefererlebnis zu gew\u00e4hrleisten.<\/p>\n<\/div><\/div><\/div>\n\n\n\n<div class=\"wp-block-wd-accordion-pane wd-accordion-item wd-7ef2f9bf\"><div class=\"wd-accordion-title wd-role-btn\" tabindex=\"0\"><div class=\"wd-accordion-title-text\"><span>Wie lange dauert die Bearbeitung von Bestellungen?<\/span><\/div><span class=\"wd-accordion-opener\"><\/span><\/div><div class=\"wd-accordion-content\"><div class=\"wd-accordion-content-inner\">\n<p class=\"wp-block-wd-paragraph wd-25ab64f6\">Bestellungen werden normalerweise innerhalb von 1 Werktag nach Zahlungsbest\u00e4tigung bearbeitet. Bestellungen, die am Wochenende oder an Feiertagen aufgegeben werden, werden am n\u00e4chsten Werktag bearbeitet.<\/p>\n<\/div><\/div><\/div>\n\n\n\n<div class=\"wp-block-wd-accordion-pane wd-accordion-item wd-811d039e\"><div class=\"wd-accordion-title wd-role-btn\" tabindex=\"0\"><div class=\"wd-accordion-title-text\"><span>Wie lange dauert die Lieferung?<\/span><\/div><span class=\"wd-accordion-opener\"><\/span><\/div><div class=\"wd-accordion-content\"><div class=\"wd-accordion-content-inner\">\n<p class=\"wp-block-wd-paragraph wd-b45acd66\">Voraussichtliche Lieferzeit ist <strong>1\u20133 Werktage<\/strong> f\u00fcr alle unterst\u00fctzten L\u00e4nder, einschlie\u00dflich Frankreich, den Niederlanden, Deutschland und Spanien. Die Lieferzeiten sind im Allgemeinen konstant, k\u00f6nnen aber aufgrund von Kurieroperationen oder saisonaler Nachfrage leicht variieren.<\/p>\n<\/div><\/div><\/div>\n\n\n\n<div class=\"wp-block-wd-accordion-pane wd-accordion-item wd-65afdb54\"><div class=\"wd-accordion-title wd-role-btn\" tabindex=\"0\"><div class=\"wd-accordion-title-text\"><span>Wie viel kostet der Versand?<\/span><\/div><span class=\"wd-accordion-opener\"><\/span><\/div><div class=\"wd-accordion-content\"><div class=\"wd-accordion-content-inner\">\n<p class=\"wp-block-wd-paragraph wd-56a54940\">Die Versandkosten sind je nach Bestellmenge festgelegt:<\/p>\n\n\n\n<ul class=\"wp-block-wd-list wd-list wd-type-unordered wd-style-default wd-ce7f3087\">\n<li class=\"wp-block-wd-list-item wd-3d2caab5\"><div class=\"wd-icon\"><\/div><span class=\"wd-list-content\">Einzelne Stiftbestellungen: 9,99 \u20ac<\/span><\/li>\n\n\n\n<li class=\"wp-block-wd-list-item wd-fa64474f\"><div class=\"wd-icon\"><\/div><span class=\"wd-list-content\">Bestellungen mit mehr als einem Stift: 19,99 \u20ac<\/span><\/li>\n<\/ul>\n<\/div><\/div><\/div>\n\n\n\n<div class=\"wp-block-wd-accordion-pane wd-accordion-item wd-c8466156\"><div class=\"wd-accordion-title wd-role-btn\" tabindex=\"0\"><div class=\"wd-accordion-title-text\"><span>Erhalte ich Tracking-Informationen?<\/span><\/div><span class=\"wd-accordion-opener\"><\/span><\/div><div class=\"wd-accordion-content\"><div class=\"wd-accordion-content-inner\">\n<p class=\"wp-block-wd-paragraph wd-00f9cad8\">Ja, sobald Ihre Bestellung versandt wurde, k\u00f6nnen Ihnen per E-Mail Tracking-Details zur Verf\u00fcgung gestellt werden, damit Sie Ihre Sendung w\u00e4hrend des gesamten Liefervorgangs verfolgen k\u00f6nnen.<\/p>\n<\/div><\/div><\/div>\n\n\n\n<div class=\"wp-block-wd-accordion-pane wd-accordion-item wd-895cf7a5\"><div class=\"wd-accordion-title wd-role-btn\" tabindex=\"0\"><div class=\"wd-accordion-title-text\"><span>Was sollte ich vor einer Bestellung pr\u00fcfen?<\/span><\/div><span class=\"wd-accordion-opener\"><\/span><\/div><div class=\"wd-accordion-content\"><div class=\"wd-accordion-content-inner\">\n<p class=\"wp-block-wd-paragraph wd-c99b4bb1\">Bitte stellen Sie sicher, dass Ihre Versanddetails korrekt und vollst\u00e4ndig sind. Wir sind nicht verantwortlich f\u00fcr Verz\u00f6gerungen oder Lieferprobleme, die durch falsche Adressinformationen verursacht werden. Die Lieferzeiten sind Sch\u00e4tzungen und k\u00f6nnen durch kurierbezogene Faktoren beeinflusst werden.<\/p>\n<\/div><\/div><\/div>\n\n\n\n<div class=\"wp-block-wd-accordion-pane wd-accordion-item wd-9b567426\"><div class=\"wd-accordion-title wd-role-btn\" tabindex=\"0\"><div class=\"wd-accordion-title-text\"><span>Gibt es Compliance-Anforderungen f\u00fcr die Bestellung?<\/span><\/div><span class=\"wd-accordion-opener\"><\/span><\/div><div class=\"wd-accordion-content\"><div class=\"wd-accordion-content-inner\">\n<p class=\"wp-block-wd-paragraph wd-5c3f58d4\">Alle Produkte sind ausschlie\u00dflich f\u00fcr Forschungs- und Laborzwecke bestimmt. Sie sind nicht f\u00fcr den menschlichen Verzehr oder medizinische Zwecke bestimmt. Die Kunden sind daf\u00fcr verantwortlich, sicherzustellen, dass ihr Kauf vor der Bestellung den \u00f6rtlichen Gesetzen und Vorschriften entspricht.<\/p>\n<\/div><\/div><\/div>\n<\/div>\n\n\n\n<div class=\"wp-block-wd-divider wd-style-line wd-06a8a7b2\"><\/div>\n\n\n\n<p class=\"wp-block-wd-paragraph wd-72aa6eeb\"><em><strong>Alle Produkte sind nur f\u00fcr Laborforschungszwecke bestimmt.<\/strong><\/em><\/p>\n<\/div>","protected":false},"excerpt":{"rendered":"","protected":false},"author":1,"featured_media":0,"parent":0,"menu_order":0,"comment_status":"closed","ping_status":"closed","template":"","meta":{"footnotes":""},"class_list":["post-875","page","type-page","status-publish","hentry"],"_links":{"self":[{"href":"https:\/\/azentraresearchlabs.com\/de\/wp-json\/wp\/v2\/pages\/875","targetHints":{"allow":["GET"]}}],"collection":[{"href":"https:\/\/azentraresearchlabs.com\/de\/wp-json\/wp\/v2\/pages"}],"about":[{"href":"https:\/\/azentraresearchlabs.com\/de\/wp-json\/wp\/v2\/types\/page"}],"author":[{"embeddable":true,"href":"https:\/\/azentraresearchlabs.com\/de\/wp-json\/wp\/v2\/users\/1"}],"replies":[{"embeddable":true,"href":"https:\/\/azentraresearchlabs.com\/de\/wp-json\/wp\/v2\/comments?post=875"}],"version-history":[{"count":49,"href":"https:\/\/azentraresearchlabs.com\/de\/wp-json\/wp\/v2\/pages\/875\/revisions"}],"predecessor-version":[{"id":980,"href":"https:\/\/azentraresearchlabs.com\/de\/wp-json\/wp\/v2\/pages\/875\/revisions\/980"}],"wp:attachment":[{"href":"https:\/\/azentraresearchlabs.com\/de\/wp-json\/wp\/v2\/media?parent=875"}],"curies":[{"name":"wp","href":"https:\/\/api.w.org\/{rel}","templated":true}]}}