{"id":778,"date":"2026-04-04T09:21:47","date_gmt":"2026-04-04T09:21:47","guid":{"rendered":"https:\/\/iszbjg1yp8.onrocket.site\/?page_id=778"},"modified":"2026-04-04T09:27:42","modified_gmt":"2026-04-04T09:27:42","slug":"rucksendungen-ruckerstattungen","status":"publish","type":"page","link":"https:\/\/azentraresearchlabs.com\/de\/returns-refunds\/","title":{"rendered":"R\u00fccksendungen &amp; R\u00fcckerstattungen"},"content":{"rendered":"<div class=\"wp-block-wd-section color-scheme-light wd-00a649e0\">\n<div class=\"wp-block-wd-infobox wd-hover-parent wd-align wd-icon-top wd-97c1e16c\">\n<div class=\"wp-block-wd-icon wd-da2fe74c\"><img loading=\"lazy\" decoding=\"async\" width=\"569\" height=\"568\" class=\"wp-image-121\" src=\"https:\/\/azentraresearchlabs.com\/wp-content\/uploads\/2026\/03\/Azentra-White-Logo-Transparent.png\" alt=\"\" srcset=\"https:\/\/azentraresearchlabs.com\/wp-content\/uploads\/2026\/03\/Azentra-White-Logo-Transparent.png 569w, https:\/\/azentraresearchlabs.com\/wp-content\/uploads\/2026\/03\/Azentra-White-Logo-Transparent-150x150.png 150w, https:\/\/azentraresearchlabs.com\/wp-content\/uploads\/2026\/03\/Azentra-White-Logo-Transparent-300x300.png 300w\" sizes=\"auto, (max-width: 569px) 100vw, 569px\" \/><\/div>\n\n\n\n<div class=\"wp-block-wd-container wd-dir-col wd-d783ab75\">\n<h1 class=\"wp-block-wd-title title wd-6385af35\">R\u00fccksendungen &amp; R\u00fcckerstattungen<\/h1>\n<\/div>\n<\/div>\n<\/div>\n\n\n<h3 data-section-id=\"1m6jm73\" data-start=\"399\" data-end=\"419\">R\u00fcckgaberecht<\/h3>\n<p data-start=\"420\" data-end=\"628\">Aufgrund der Beschaffenheit unserer Produkte akzeptieren wir im Allgemeinen keine R\u00fccksendungen, sobald eine Bestellung bearbeitet oder versandt wurde. Dies dient der Gew\u00e4hrleistung der Produktintegrit\u00e4t, der Qualit\u00e4tskontrolle und der Einhaltung von Sicherheitsstandards.<\/p>\n<h3 data-section-id=\"1e8qrjf\" data-start=\"635\" data-end=\"667\">Besch\u00e4digte oder falsche Artikel<\/h3>\n<p data-start=\"668\" data-end=\"882\">Sollten Sie einen besch\u00e4digten, defekten oder falschen Artikel erhalten, kontaktieren Sie uns bitte innerhalb von 48 Stunden nach Lieferung. M\u00f6glicherweise bitten wir Sie um unterst\u00fctzende Informationen, wie z. B. Fotos, um das Problem zu pr\u00fcfen und eine angemessene L\u00f6sung anzubieten.<\/p>\n<h3 data-section-id=\"1a9meiq\" data-start=\"889\" data-end=\"907\">Bestellprobleme<\/h3>\n<p data-start=\"908\" data-end=\"1072\">Sollte es ein Problem mit Ihrer Bestellung geben, kontaktieren Sie uns bitte so schnell wie m\u00f6glich. Wir werden jeden Fall einzeln pr\u00fcfen und bem\u00fcht sein, eine faire und angemessene L\u00f6sung zu finden.<\/p>\n<h3 data-section-id=\"m3s71h\" data-start=\"1079\" data-end=\"1103\">R\u00fcckerstattungsf\u00e4higkeit<\/h3>\n<p data-start=\"1104\" data-end=\"1164\"><strong>R\u00fcckerstattungen k\u00f6nnen unter folgenden Umst\u00e4nden in Betracht gezogen werden:<\/strong><\/p>\n<ul>\n<li data-start=\"1104\" data-end=\"1164\">Der erhaltene Artikel ist falsch<\/li>\n<li data-start=\"1104\" data-end=\"1164\">Der Artikel kommt besch\u00e4digt oder defekt an<\/li>\n<li data-start=\"1104\" data-end=\"1164\">Die Bestellung wird nicht innerhalb einer angemessenen Frist geliefert<\/li>\n<\/ul>\n<p><strong>R\u00fcckerstattungen werden in der Regel nicht gew\u00e4hrt f\u00fcr:<\/strong><\/p>\n<ul>\n<li>Meinung ge\u00e4ndert<\/li>\n<li>Falsche Auswahl durch den Kunden<\/li>\n<li>Unsachgem\u00e4\u00dfe Handhabung nach der Lieferung<\/li>\n<\/ul>\n<h3 data-section-id=\"aqmfdl\" data-start=\"1446\" data-end=\"1473\">Bearbeitung von R\u00fcckerstattungen<\/h3>\n<p data-start=\"1474\" data-end=\"1616\">Wenn eine R\u00fcckerstattung genehmigt wird, wird sie \u00fcber die urspr\u00fcngliche Zahlungsmethode abgewickelt. Die Bearbeitungszeiten k\u00f6nnen je nach Zahlungsanbieter variieren.<\/p>\n<h3 data-section-id=\"5k0eme\" data-start=\"1623\" data-end=\"1636\">Kontakt<\/h3>\n<p data-start=\"1637\" data-end=\"1765\">F\u00fcr R\u00fcckgabe- oder R\u00fcckerstattungsanfragen kontaktieren Sie uns bitte \u00fcber unsere Website und geben Sie Ihre Bestelldaten f\u00fcr schnellere Hilfe an.<\/p>","protected":false},"excerpt":{"rendered":"<p>Returns Policy Due to the nature of our products, we generally do not accept returns once an order has been<\/p>","protected":false},"author":1,"featured_media":0,"parent":0,"menu_order":0,"comment_status":"closed","ping_status":"closed","template":"","meta":{"footnotes":""},"class_list":["post-778","page","type-page","status-publish","hentry"],"_links":{"self":[{"href":"https:\/\/azentraresearchlabs.com\/de\/wp-json\/wp\/v2\/pages\/778","targetHints":{"allow":["GET"]}}],"collection":[{"href":"https:\/\/azentraresearchlabs.com\/de\/wp-json\/wp\/v2\/pages"}],"about":[{"href":"https:\/\/azentraresearchlabs.com\/de\/wp-json\/wp\/v2\/types\/page"}],"author":[{"embeddable":true,"href":"https:\/\/azentraresearchlabs.com\/de\/wp-json\/wp\/v2\/users\/1"}],"replies":[{"embeddable":true,"href":"https:\/\/azentraresearchlabs.com\/de\/wp-json\/wp\/v2\/comments?post=778"}],"version-history":[{"count":3,"href":"https:\/\/azentraresearchlabs.com\/de\/wp-json\/wp\/v2\/pages\/778\/revisions"}],"predecessor-version":[{"id":783,"href":"https:\/\/azentraresearchlabs.com\/de\/wp-json\/wp\/v2\/pages\/778\/revisions\/783"}],"wp:attachment":[{"href":"https:\/\/azentraresearchlabs.com\/de\/wp-json\/wp\/v2\/media?parent=778"}],"curies":[{"name":"wp","href":"https:\/\/api.w.org\/{rel}","templated":true}]}}