{"id":772,"date":"2026-04-04T09:14:13","date_gmt":"2026-04-04T09:14:13","guid":{"rendered":"https:\/\/iszbjg1yp8.onrocket.site\/?page_id=772"},"modified":"2026-04-28T14:56:03","modified_gmt":"2026-04-28T14:56:03","slug":"allgemeine-geschaftsbedingungen","status":"publish","type":"page","link":"https:\/\/azentraresearchlabs.com\/de\/terms-and-conditions\/","title":{"rendered":"Nutzungsbedingungen"},"content":{"rendered":"<div class=\"wp-block-wd-section color-scheme-light wd-00a649e0\">\n<div class=\"wp-block-wd-infobox wd-hover-parent wd-align wd-icon-top wd-97c1e16c\">\n<div class=\"wp-block-wd-icon wd-da2fe74c\"><img loading=\"lazy\" decoding=\"async\" width=\"569\" height=\"568\" class=\"wp-image-121\" src=\"https:\/\/azentraresearchlabs.com\/wp-content\/uploads\/2026\/03\/Azentra-White-Logo-Transparent.png\" alt=\"\" srcset=\"https:\/\/azentraresearchlabs.com\/wp-content\/uploads\/2026\/03\/Azentra-White-Logo-Transparent.png 569w, https:\/\/azentraresearchlabs.com\/wp-content\/uploads\/2026\/03\/Azentra-White-Logo-Transparent-150x150.png 150w, https:\/\/azentraresearchlabs.com\/wp-content\/uploads\/2026\/03\/Azentra-White-Logo-Transparent-300x300.png 300w\" sizes=\"auto, (max-width: 569px) 100vw, 569px\" \/><\/div>\n\n\n\n<div class=\"wp-block-wd-container wd-dir-col wd-d783ab75\">\n<h1 class=\"wp-block-wd-title title wd-6385af35\">Nutzungsbedingungen<\/h1>\n<\/div>\n<\/div>\n<\/div>\n\n\n<h3 data-section-id=\"1bjwx2b\" data-start=\"214\" data-end=\"242\">1. Allgemeine Informationen<\/h3>\n<p data-start=\"243\" data-end=\"461\">Diese Allgemeinen Gesch\u00e4ftsbedingungen regeln die Nutzung dieser Website und den Kauf von Produkten, die von AZRL LTD \u00fcber Azentra Research Labs angeboten werden. Durch den Zugriff auf diese Website oder die Aufgabe einer Bestellung erkl\u00e4ren Sie sich mit diesen Bedingungen einverstanden.<\/p>\n<h3 data-section-id=\"4xvx3r\" data-start=\"468\" data-end=\"488\">2. Teilnahmeberechtigung<\/h3>\n<p data-start=\"489\" data-end=\"639\">Durch die Nutzung dieser Webseite oder die Aufgabe einer Bestellung best\u00e4tigen Sie, dass Sie mindestens 18 Jahre alt und rechtlich in der Lage sind, eine bindende Vereinbarung zu treffen.<\/p>\n<h3 data-section-id=\"603idy\" data-start=\"646\" data-end=\"680\">3. Produkte und bestimmungsgem\u00e4\u00dfe Verwendung<\/h3>\n<p data-start=\"681\" data-end=\"867\">Alle Produkte werden ausschlie\u00dflich f\u00fcr Laborforschungs- und Analysezwecke geliefert. Sie sind nicht f\u00fcr den menschlichen Verzehr oder f\u00fcr medizinische, therapeutische, diagnostische oder veterin\u00e4rmedizinische Zwecke bestimmt.<\/p>\n<p data-start=\"869\" data-end=\"1028\">Mit dem Kauf auf dieser Website erkennen Sie die Beschaffenheit der Produkte an und erkl\u00e4ren sich damit einverstanden, sie nur f\u00fcr legitime Forschungszwecke in kontrollierten Umgebungen zu verwenden.<\/p>\n<h3 data-section-id=\"1kxoino\" data-start=\"1035\" data-end=\"1067\">4. Kundenverantwortung<\/h3>\n<p data-start=\"1068\" data-end=\"1222\">Sie sind daf\u00fcr verantwortlich, sicherzustellen, dass der Kauf, die Einfuhr, der Besitz und die Verwendung unserer Produkte den Gesetzen Ihres Landes oder Ihrer Gerichtsbarkeit entsprechen.<\/p>\n<p data-start=\"1224\" data-end=\"1338\">Wir behalten uns das Recht vor, jede Bestellung abzulehnen oder zu stornieren, bei der ein Missbrauch vermutet wird oder gegen diese Bedingungen versto\u00dfen wird.<\/p>\n<h3 data-section-id=\"di9b0a\" data-start=\"1345\" data-end=\"1373\">5. Produktinformationen<\/h3>\n<p data-start=\"1374\" data-end=\"1527\">Wir bem\u00fchen uns, sicherzustellen, dass alle Produktinformationen korrekt und aktuell sind. Wir \u00fcbernehmen jedoch keine Garantie daf\u00fcr, dass alle Inhalte fehlerfrei oder vollst\u00e4ndig sind.<\/p>\n<p data-start=\"1529\" data-end=\"1664\">Die auf dieser Website bereitgestellten Informationen dienen ausschlie\u00dflich allgemeinen Informationszwecken und stellen keine professionelle oder medizinische Beratung dar.<\/p>\n<h3 data-section-id=\"e1m6w1\" data-start=\"1671\" data-end=\"1701\">6. Bestellungen und Annahme<\/h3>\n<p data-start=\"1702\" data-end=\"1826\">Alle Bestellungen unterliegen der Annahme und Verf\u00fcgbarkeit. Wir behalten uns das Recht vor, jede Bestellung nach eigenem Ermessen abzulehnen oder zu stornieren.<\/p>\n<p data-start=\"1828\" data-end=\"1908\">Wenn eine Bestellung nach erfolgter Zahlung storniert wird, kann gegebenenfalls eine R\u00fcckerstattung erfolgen.<\/p>\n<h3 data-section-id=\"9jid6u\" data-start=\"1915\" data-end=\"1943\">7. Preisgestaltung und Zahlung<\/h3>\n<p data-start=\"1944\" data-end=\"2046\">Preise k\u00f6nnen sich ohne vorherige Ank\u00fcndigung \u00e4ndern. Die Zahlung muss an der Kasse mit den verf\u00fcgbaren Methoden abgeschlossen werden.<\/p>\n<p data-start=\"2048\" data-end=\"2154\">Wir akzeptieren PayPal (einschlie\u00dflich Kredit- und Debitkarten), Bank\u00fcberweisung und Kryptow\u00e4hrungen wie USDT TRC20.<\/p>\n<p data-start=\"2156\" data-end=\"2268\">Zahlungsdetails werden sicher von den jeweiligen Anbietern abgewickelt. Wir speichern keine sensiblen Zahlungsinformationen.<\/p>\n<p data-start=\"2270\" data-end=\"2340\">Kryptow\u00e4hrungstransaktionen sind nach der Best\u00e4tigung im Allgemeinen nicht umkehrbar.<\/p>\n<h3 data-section-id=\"1w7nws5\" data-start=\"2347\" data-end=\"2377\">8. Versand und Lieferung<\/h3>\n<p data-start=\"2378\" data-end=\"2528\">Wir bem\u00fchen uns, Bestellungen innerhalb der angegebenen Fristen zu versenden. Die Lieferzeiten k\u00f6nnen je nach Standort, Kurierdiensten oder unvorhergesehenen Umst\u00e4nden, die au\u00dferhalb unserer Kontrolle liegen, variieren.<\/p>\n<p data-start=\"2530\" data-end=\"2643\">Wir haften nicht f\u00fcr Verz\u00f6gerungen, die durch Kuriere, den Zoll oder vom Kunden bereitgestellte falsche Informationen verursacht werden.<\/p>\n<h3 data-section-id=\"zu39a\" data-start=\"2650\" data-end=\"2678\">9. R\u00fccksendungen und R\u00fcckerstattungen<\/h3>\n<p data-start=\"2679\" data-end=\"2763\">Aufgrund der Beschaffenheit unserer Produkte akzeptieren wir im Allgemeinen keine R\u00fccksendungen, sobald eine Bestellung bearbeitet oder versandt wurde. Dies dient der Gew\u00e4hrleistung der Produktintegrit\u00e4t, der Qualit\u00e4tskontrolle und der Einhaltung von Sicherheitsstandards.<\/p>\n<p>Alle Verk\u00e4ufe gelten als endg\u00fcltig nach Bearbeitung oder Versand. R\u00fcckerstattungen k\u00f6nnen nur in Betracht gezogen werden, wenn das erhaltene Produkt falsch, besch\u00e4digt oder defekt ist.<\/p>\n<p>Sollten Sie ein Problem mit Ihrer Bestellung feststellen, kontaktieren Sie uns bitte umgehend mit Ihren Bestelldaten und relevanten Informationen. Alle F\u00e4lle werden einzeln gepr\u00fcft.<\/p>\n<h3 data-section-id=\"nl9dps\" data-start=\"2914\" data-end=\"2947\">10. Haftungsausschluss f\u00fcr Forschungszwecke<\/h3>\n<p data-start=\"2948\" data-end=\"3043\">Wir bewerben oder unterst\u00fctzen keine Produkte, die au\u00dferhalb legitimer Laborforschung verwendet werden.<\/p>\n<p data-start=\"3045\" data-end=\"3144\">Mit den Inhalten dieser Website sollte keine medizinische, therapeutische oder gesundheitsbezogene Beratung gleichgesetzt werden.<\/p>\n<h3 data-section-id=\"dvhw3y\" data-start=\"3151\" data-end=\"3184\">11. Haftungsbeschr\u00e4nkung<\/h3>\n<p data-start=\"3185\" data-end=\"3337\">Soweit gesetzlich zul\u00e4ssig, haftet AZRL LTD nicht f\u00fcr indirekte oder Folgesch\u00e4den, die sich aus der Nutzung oder Handhabung unserer Produkte ergeben.<\/p>\n<p data-start=\"3339\" data-end=\"3416\">Alle Produkte werden f\u00fcr Forschungszwecke zur Verf\u00fcgung gestellt und m\u00fcssen verantwortungsvoll verwendet werden.<\/p>\n<h3 data-section-id=\"1m913f7\" data-start=\"3423\" data-end=\"3444\">12. Website-Nutzung<\/h3>\n<p data-start=\"3445\" data-end=\"3587\">Sie erkl\u00e4ren sich damit einverstanden, diese Website nicht missbr\u00e4uchlich zu nutzen oder unbefugte Zugriffe zu versuchen. Wir behalten uns das Recht vor, den Zugang bei Missbrauch oder Verst\u00f6\u00dfen einzuschr\u00e4nken.<\/p>\n<h3 data-section-id=\"buf3jl\" data-start=\"3594\" data-end=\"3625\">13. Geistiges Eigentum<\/h3>\n<p data-start=\"3626\" data-end=\"3748\">Alle Inhalte auf dieser Website sind Eigentum von AZRL LTD oder von AZRL LTD lizenziert. Sie d\u00fcrfen ohne Erlaubnis keine Materialien kopieren oder verwenden.<\/p>\n<h3 data-section-id=\"1eijrvn\" data-start=\"3755\" data-end=\"3785\">14. Drittanbieterdienste<\/h3>\n<p data-start=\"3786\" data-end=\"3941\">Wir nutzen Drittanbieter wie Zahlungsabwickler, Analysetools und Kommunikationsdienste. Deren Nutzung unterliegt eigenen Bedingungen und Richtlinien.<\/p>\n<h3 data-section-id=\"nidmja\" data-start=\"3948\" data-end=\"3977\">15. Datenschutz und Cookies<\/h3>\n<p data-start=\"3978\" data-end=\"4064\">Ihre pers\u00f6nlichen Daten werden gem\u00e4\u00df unseren Richtlinien verarbeitet <a href=\"https:\/\/azentraresearchlabs.com\/de\/datenschutzerklarung-eu\/\">Datenschutzrichtlinie<\/a> und <a href=\"https:\/\/azentraresearchlabs.com\/de\/cookie-richtlinie-eu\/\">Cookie-Richtlinie<\/a>.<\/p>\n<h3 data-section-id=\"1yuab3w\" data-start=\"4071\" data-end=\"4097\">16. \u00c4nderungen der Bedingungen<\/h3>\n<p data-start=\"4098\" data-end=\"4204\">Wir k\u00f6nnen diese Bedingungen jederzeit \u00e4ndern. Die fortgesetzte Nutzung der Website stellt die Annahme von \u00c4nderungen dar.<\/p>\n<h3 data-section-id=\"1q7d983\" data-start=\"4211\" data-end=\"4234\">17. Anwendbares Recht<\/h3>\n<p>Diese Allgemeinen Gesch\u00e4ftsbedingungen unterliegen den geltenden Gesetzen.<\/p>\n<p>Wenn Sie ein Verbraucher mit Wohnsitz in der Europ\u00e4ischen Union sind, k\u00f6nnen Sie von zwingenden Bestimmungen des Rechts Ihres Wohnsitzlandes profitieren.<\/p>\n<p>Nichts in diesen Bedingungen schr\u00e4nkt Ihre Rechte gem\u00e4\u00df den geltenden Verbraucherschutzgesetzen ein oder schlie\u00dft diese aus.<\/p>\n<h3 data-section-id=\"6ta3rh\" data-start=\"4301\" data-end=\"4330\">18. Kontaktinformationen<\/h3>\n<p data-start=\"4331\" data-end=\"4387\">Bei Fragen zu diesen Bedingungen wenden Sie sich bitte an:<\/p>\n<p data-start=\"4389\" data-end=\"4476\">AZRL LTD<br data-start=\"4397\" data-end=\"4400\" \/>4. Stock, Silverstream House<br data-start=\"4429\" data-end=\"4432\" \/>45 Fitzroy Stra\u00dfe<br \/>Fitzrovia<br data-start=\"4449\" data-end=\"4452\" \/>London<br \/>Vereinigtes K\u00f6nigreich<br \/>W1T 6EB<\/p>\n<p data-start=\"4478\" data-end=\"4518\">E-Mail: <a class=\"decorated-link cursor-pointer\" href=\"mailto:contact@azentraresearchlabs.com\" rel=\"noopener\" data-start=\"4485\" data-end=\"4516\">contact@azentraresearchlabs.com<\/a><\/p>","protected":false},"excerpt":{"rendered":"<p>1. General Information These Terms and Conditions govern the use of this website and the purchase of products offered by<\/p>","protected":false},"author":1,"featured_media":0,"parent":0,"menu_order":0,"comment_status":"closed","ping_status":"closed","template":"","meta":{"footnotes":""},"class_list":["post-772","page","type-page","status-publish","hentry"],"_links":{"self":[{"href":"https:\/\/azentraresearchlabs.com\/de\/wp-json\/wp\/v2\/pages\/772","targetHints":{"allow":["GET"]}}],"collection":[{"href":"https:\/\/azentraresearchlabs.com\/de\/wp-json\/wp\/v2\/pages"}],"about":[{"href":"https:\/\/azentraresearchlabs.com\/de\/wp-json\/wp\/v2\/types\/page"}],"author":[{"embeddable":true,"href":"https:\/\/azentraresearchlabs.com\/de\/wp-json\/wp\/v2\/users\/1"}],"replies":[{"embeddable":true,"href":"https:\/\/azentraresearchlabs.com\/de\/wp-json\/wp\/v2\/comments?post=772"}],"version-history":[{"count":9,"href":"https:\/\/azentraresearchlabs.com\/de\/wp-json\/wp\/v2\/pages\/772\/revisions"}],"predecessor-version":[{"id":1171,"href":"https:\/\/azentraresearchlabs.com\/de\/wp-json\/wp\/v2\/pages\/772\/revisions\/1171"}],"wp:attachment":[{"href":"https:\/\/azentraresearchlabs.com\/de\/wp-json\/wp\/v2\/media?parent=772"}],"curies":[{"name":"wp","href":"https:\/\/api.w.org\/{rel}","templated":true}]}}