{"id":761,"date":"2026-04-04T08:07:03","date_gmt":"2026-04-04T08:07:03","guid":{"rendered":"https:\/\/iszbjg1yp8.onrocket.site\/?page_id=761"},"modified":"2026-04-14T14:52:29","modified_gmt":"2026-04-14T14:52:29","slug":"haufig-gestellte-fragen","status":"publish","type":"page","link":"https:\/\/azentraresearchlabs.com\/de\/frequently-asked-questions\/","title":{"rendered":"H\u00e4ufig gestellte Fragen"},"content":{"rendered":"<div class=\"wp-block-wd-section color-scheme-light wd-00a649e0\">\n<div class=\"wp-block-wd-infobox wd-hover-parent wd-align wd-icon-top wd-97c1e16c\">\n<div class=\"wp-block-wd-icon wd-da2fe74c\"><img loading=\"lazy\" decoding=\"async\" width=\"569\" height=\"568\" class=\"wp-image-121\" src=\"https:\/\/azentraresearchlabs.com\/wp-content\/uploads\/2026\/03\/Azentra-White-Logo-Transparent.png\" alt=\"\" srcset=\"https:\/\/azentraresearchlabs.com\/wp-content\/uploads\/2026\/03\/Azentra-White-Logo-Transparent.png 569w, https:\/\/azentraresearchlabs.com\/wp-content\/uploads\/2026\/03\/Azentra-White-Logo-Transparent-150x150.png 150w, https:\/\/azentraresearchlabs.com\/wp-content\/uploads\/2026\/03\/Azentra-White-Logo-Transparent-300x300.png 300w\" sizes=\"auto, (max-width: 569px) 100vw, 569px\" \/><\/div>\n\n\n\n<div class=\"wp-block-wd-container wd-dir-col wd-d783ab75\">\n<h1 class=\"wp-block-wd-title title wd-6385af35\">H\u00e4ufig gestellte Fragen<\/h1>\n<\/div>\n<\/div>\n<\/div>\n\n\n\n<p class=\"wp-block-wd-paragraph wd-c1ff3c1a\">Finden Sie Antworten auf h\u00e4ufig gestellte Fragen zu unseren Forschungspetiden, der Laboranwendung und allgemeinen Prozessen. Dieser Abschnitt soll eine klare und informative Anleitung bieten, um Ihr Verst\u00e4ndnis unserer Produkte zu unterst\u00fctzen, wie sie entwickelt werden und wie sie f\u00fcr die Verwendung in kontrollierten Forschungsumgebungen bestimmt sind. Er enth\u00e4lt auch wichtige Informationen, um ein besseres Gesamtverst\u00e4ndnis unseres forschungsorientierten Ansatzes zu vermitteln.<\/p>\n\n\n\n<div class=\"wp-block-wd-accordion wd-accordion wd-style-shadow wd-titles-start wd-opener-style-arrow wd-opener-pos-end wd-041ad924\" data-state=\"first\">\n<div class=\"wp-block-wd-accordion-pane wd-accordion-item wd-0339a2b9\"><div class=\"wd-accordion-title wd-role-btn wd-active\" tabindex=\"0\"><div class=\"wd-accordion-title-text\"><span>Was sind Peptide?<\/span><\/div><span class=\"wd-accordion-opener\"><\/span><\/div><div class=\"wd-accordion-content wd-active\"><div class=\"wd-accordion-content-inner\">\n<p class=\"wp-block-wd-paragraph wd-424185c0\">Peptide sind kurze Aminos\u00e4ureketten, die eine Rolle bei verschiedenen biologischen Prozessen spielen. In Forschungsumgebungen werden sie h\u00e4ufig auf ihre Beteiligung an zellul\u00e4rer Aktivit\u00e4t, Signal\u00fcbertragung und regulatorischen Bahnen untersucht.<\/p>\n<\/div><\/div><\/div>\n\n\n\n<div class=\"wp-block-wd-accordion-pane wd-accordion-item wd-d021bc03\"><div class=\"wd-accordion-title wd-role-btn\" tabindex=\"0\"><div class=\"wd-accordion-title-text\"><span>Was sind Forschung-Peptide?<\/span><\/div><span class=\"wd-accordion-opener\"><\/span><\/div><div class=\"wd-accordion-content\"><div class=\"wd-accordion-content-inner\">\n<p class=\"wp-block-wd-paragraph wd-feaaa849\">Forschungspetide sind Verbindungen, die f\u00fcr den Einsatz in kontrollierten Laborumgebungen entwickelt wurden. Sie werden in wissenschaftlichen Studien eingesetzt, um biologische Systeme, molekulare Wechselwirkungen und zellul\u00e4re Prozesse zu erforschen.<\/p>\n<\/div><\/div><\/div>\n\n\n\n<div class=\"wp-block-wd-accordion-pane wd-accordion-item wd-16338f80\"><div class=\"wd-accordion-title wd-role-btn\" tabindex=\"0\"><div class=\"wd-accordion-title-text\"><span>Was ist der Zweck der Peptidforschung?<\/span><\/div><span class=\"wd-accordion-opener\"><\/span><\/div><div class=\"wd-accordion-content\"><div class=\"wd-accordion-content-inner\">\n<p class=\"wp-block-wd-paragraph wd-a28cef51\">Die Peptidforschung konzentriert sich auf das Verst\u00e4ndnis, wie Peptide in biologischen Systemen interagieren. Dies umfasst die Untersuchung metabolischer Funktionen, zellul\u00e4rer Kommunikation und regulatorischer Mechanismen unter kontrollierten Bedingungen.<\/p>\n<\/div><\/div><\/div>\n\n\n\n<div class=\"wp-block-wd-accordion-pane wd-accordion-item wd-40cb0b9c\"><div class=\"wd-accordion-title wd-role-btn\" tabindex=\"0\"><div class=\"wd-accordion-title-text\"><span>Sind Ihre Produkte sicher in der Anwendung?<\/span><\/div><span class=\"wd-accordion-opener\"><\/span><\/div><div class=\"wd-accordion-content\"><div class=\"wd-accordion-content-inner\">\n<p class=\"wp-block-wd-paragraph wd-746b2f6f\">Unsere Produkte werden ausschlie\u00dflich f\u00fcr Laborforschungszwecke entwickelt und sind f\u00fcr den Einsatz in kontrollierten Forschungsumgebungen bestimmt.<\/p>\n<\/div><\/div><\/div>\n\n\n\n<div class=\"wp-block-wd-accordion-pane wd-accordion-item wd-c14e4642\"><div class=\"wd-accordion-title wd-role-btn\" tabindex=\"0\"><div class=\"wd-accordion-title-text\"><span>Wie werden Ihre Peptide hergestellt?<\/span><\/div><span class=\"wd-accordion-opener\"><\/span><\/div><div class=\"wd-accordion-content\"><div class=\"wd-accordion-content-inner\">\n<p class=\"wp-block-wd-paragraph wd-fd5d2194\">Unsere Peptide werden durch kontrollierte Prozesse synthetisiert und durchlaufen strukturierte Qualit\u00e4tsma\u00dfnahmen, um Konsistenz, Reinheit und Zuverl\u00e4ssigkeit f\u00fcr Forschungsanwendungen zu gew\u00e4hrleisten.<\/p>\n<\/div><\/div><\/div>\n\n\n\n<div class=\"wp-block-wd-accordion-pane wd-accordion-item wd-f02dd02d\"><div class=\"wd-accordion-title wd-role-btn\" tabindex=\"0\"><div class=\"wd-accordion-title-text\"><span>Wo kann ich Ihre verf\u00fcgbaren Produkte sehen?<\/span><\/div><span class=\"wd-accordion-opener\"><\/span><\/div><div class=\"wd-accordion-content\"><div class=\"wd-accordion-content-inner\">\n<p class=\"wp-block-wd-paragraph wd-cf323c29\">Sie k\u00f6nnen unser gesamtes Sortiment an Forschungschemikalien erkunden, indem Sie unsere Webseite besuchen <a href=\"https:\/\/azentraresearchlabs.com\/de\/peptidkatalog\/\" data-type=\"page\" data-id=\"656\">Peptid-Katalogseite.<\/a><\/p>\n<\/div><\/div><\/div>\n\n\n\n<div class=\"wp-block-wd-accordion-pane wd-accordion-item wd-8520c6ae\"><div class=\"wd-accordion-title wd-role-btn\" tabindex=\"0\"><div class=\"wd-accordion-title-text\"><span>Bieten Sie Lieferung in mein Land an?<\/span><\/div><span class=\"wd-accordion-opener\"><\/span><\/div><div class=\"wd-accordion-content\"><div class=\"wd-accordion-content-inner\">\n<p class=\"wp-block-wd-paragraph wd-f2759ac5\">Wir bieten derzeit sichere und zuverl\u00e4ssige Lieferungen in ausgew\u00e4hlte europ\u00e4ische L\u00e4nder, darunter Frankreich, die Niederlande, Deutschland und Spanien. Bestellungen werden sorgf\u00e4ltig bearbeitet und mit vertrauensw\u00fcrdigen Logistikpartnern versendet, um ein reibungsloses Liefererlebnis zu gew\u00e4hrleisten.<\/p>\n<\/div><\/div><\/div>\n\n\n\n<div class=\"wp-block-wd-accordion-pane wd-accordion-item wd-7ef2f9bf\"><div class=\"wd-accordion-title wd-role-btn\" tabindex=\"0\"><div class=\"wd-accordion-title-text\"><span>Wie lange dauert die Bearbeitung von Bestellungen?<\/span><\/div><span class=\"wd-accordion-opener\"><\/span><\/div><div class=\"wd-accordion-content\"><div class=\"wd-accordion-content-inner\">\n<p class=\"wp-block-wd-paragraph wd-25ab64f6\">Bestellungen werden normalerweise innerhalb von 1 Werktag nach Zahlungsbest\u00e4tigung bearbeitet. Bestellungen, die am Wochenende oder an Feiertagen aufgegeben werden, werden am n\u00e4chsten Werktag bearbeitet.<\/p>\n<\/div><\/div><\/div>\n\n\n\n<div class=\"wp-block-wd-accordion-pane wd-accordion-item wd-811d039e\"><div class=\"wd-accordion-title wd-role-btn\" tabindex=\"0\"><div class=\"wd-accordion-title-text\"><span>Wie lange dauert die Lieferung?<\/span><\/div><span class=\"wd-accordion-opener\"><\/span><\/div><div class=\"wd-accordion-content\"><div class=\"wd-accordion-content-inner\">\n<p class=\"wp-block-wd-paragraph wd-b45acd66\">Voraussichtliche Lieferzeit ist <strong>1\u20133 Werktage<\/strong> f\u00fcr alle unterst\u00fctzten L\u00e4nder, einschlie\u00dflich Frankreich, den Niederlanden, Deutschland und Spanien. Die Lieferzeiten sind im Allgemeinen konstant, k\u00f6nnen aber aufgrund von Kurieroperationen oder saisonaler Nachfrage leicht variieren.<\/p>\n<\/div><\/div><\/div>\n\n\n\n<div class=\"wp-block-wd-accordion-pane wd-accordion-item wd-65afdb54\"><div class=\"wd-accordion-title wd-role-btn\" tabindex=\"0\"><div class=\"wd-accordion-title-text\"><span>Wie viel kostet der Versand?<\/span><\/div><span class=\"wd-accordion-opener\"><\/span><\/div><div class=\"wd-accordion-content\"><div class=\"wd-accordion-content-inner\">\n<p class=\"wp-block-wd-paragraph wd-56a54940\">Die Versandkosten sind je nach Bestellmenge festgelegt:<\/p>\n\n\n\n<ul class=\"wp-block-wd-list wd-list wd-type-unordered wd-style-default wd-ce7f3087\">\n<li class=\"wp-block-wd-list-item wd-3d2caab5\"><div class=\"wd-icon\"><\/div><span class=\"wd-list-content\">Einzelne Stiftbestellungen: 9,99 \u20ac<\/span><\/li>\n\n\n\n<li class=\"wp-block-wd-list-item wd-fa64474f\"><div class=\"wd-icon\"><\/div><span class=\"wd-list-content\">Bestellungen mit mehr als einem Stift: 19,99 \u20ac<\/span><\/li>\n<\/ul>\n<\/div><\/div><\/div>\n\n\n\n<div class=\"wp-block-wd-accordion-pane wd-accordion-item wd-c8466156\"><div class=\"wd-accordion-title wd-role-btn\" tabindex=\"0\"><div class=\"wd-accordion-title-text\"><span>Erhalte ich Tracking-Informationen?<\/span><\/div><span class=\"wd-accordion-opener\"><\/span><\/div><div class=\"wd-accordion-content\"><div class=\"wd-accordion-content-inner\">\n<p class=\"wp-block-wd-paragraph wd-00f9cad8\">Ja, sobald Ihre Bestellung versandt wurde, k\u00f6nnen Ihnen per E-Mail Tracking-Details zur Verf\u00fcgung gestellt werden, damit Sie Ihre Sendung w\u00e4hrend des gesamten Liefervorgangs verfolgen k\u00f6nnen.<\/p>\n<\/div><\/div><\/div>\n\n\n\n<div class=\"wp-block-wd-accordion-pane wd-accordion-item wd-895cf7a5\"><div class=\"wd-accordion-title wd-role-btn\" tabindex=\"0\"><div class=\"wd-accordion-title-text\"><span>Was sollte ich vor einer Bestellung pr\u00fcfen?<\/span><\/div><span class=\"wd-accordion-opener\"><\/span><\/div><div class=\"wd-accordion-content\"><div class=\"wd-accordion-content-inner\">\n<p class=\"wp-block-wd-paragraph wd-c99b4bb1\">Bitte stellen Sie sicher, dass Ihre Versanddetails korrekt und vollst\u00e4ndig sind. Wir sind nicht verantwortlich f\u00fcr Verz\u00f6gerungen oder Lieferprobleme, die durch falsche Adressinformationen verursacht werden. Die Lieferzeiten sind Sch\u00e4tzungen und k\u00f6nnen durch kurierbezogene Faktoren beeinflusst werden.<\/p>\n<\/div><\/div><\/div>\n\n\n\n<div class=\"wp-block-wd-accordion-pane wd-accordion-item wd-9b567426\"><div class=\"wd-accordion-title wd-role-btn\" tabindex=\"0\"><div class=\"wd-accordion-title-text\"><span>Gibt es Compliance-Anforderungen f\u00fcr die Bestellung?<\/span><\/div><span class=\"wd-accordion-opener\"><\/span><\/div><div class=\"wd-accordion-content\"><div class=\"wd-accordion-content-inner\">\n<p class=\"wp-block-wd-paragraph wd-5c3f58d4\">Alle Produkte sind ausschlie\u00dflich f\u00fcr Forschungs- und Laborzwecke bestimmt. Sie sind nicht f\u00fcr den menschlichen Verzehr oder medizinische Zwecke bestimmt. Die Kunden sind daf\u00fcr verantwortlich, sicherzustellen, dass ihr Kauf vor der Bestellung den \u00f6rtlichen Gesetzen und Vorschriften entspricht.<\/p>\n<\/div><\/div><\/div>\n<\/div>\n\n\n\n<div class=\"wp-block-wd-divider wd-style-line wd-8859b643\"><\/div>\n\n\n\n<p class=\"wp-block-wd-paragraph wd-aa67a6df\"><strong><em>Alle Produkte sind nur f\u00fcr Laborforschungszwecke bestimmt.<\/em><\/strong><\/p>","protected":false},"excerpt":{"rendered":"","protected":false},"author":1,"featured_media":0,"parent":0,"menu_order":0,"comment_status":"closed","ping_status":"closed","template":"","meta":{"footnotes":""},"class_list":["post-761","page","type-page","status-publish","hentry"],"_links":{"self":[{"href":"https:\/\/azentraresearchlabs.com\/de\/wp-json\/wp\/v2\/pages\/761","targetHints":{"allow":["GET"]}}],"collection":[{"href":"https:\/\/azentraresearchlabs.com\/de\/wp-json\/wp\/v2\/pages"}],"about":[{"href":"https:\/\/azentraresearchlabs.com\/de\/wp-json\/wp\/v2\/types\/page"}],"author":[{"embeddable":true,"href":"https:\/\/azentraresearchlabs.com\/de\/wp-json\/wp\/v2\/users\/1"}],"replies":[{"embeddable":true,"href":"https:\/\/azentraresearchlabs.com\/de\/wp-json\/wp\/v2\/comments?post=761"}],"version-history":[{"count":8,"href":"https:\/\/azentraresearchlabs.com\/de\/wp-json\/wp\/v2\/pages\/761\/revisions"}],"predecessor-version":[{"id":885,"href":"https:\/\/azentraresearchlabs.com\/de\/wp-json\/wp\/v2\/pages\/761\/revisions\/885"}],"wp:attachment":[{"href":"https:\/\/azentraresearchlabs.com\/de\/wp-json\/wp\/v2\/media?parent=761"}],"curies":[{"name":"wp","href":"https:\/\/api.w.org\/{rel}","templated":true}]}}