{"id":745,"date":"2026-04-04T03:47:11","date_gmt":"2026-04-04T03:47:11","guid":{"rendered":"https:\/\/iszbjg1yp8.onrocket.site\/?page_id=745"},"modified":"2026-04-04T08:34:42","modified_gmt":"2026-04-04T08:34:42","slug":"einfuhrung-in-peptide","status":"publish","type":"page","link":"https:\/\/azentraresearchlabs.com\/de\/introduction-to-peptides\/","title":{"rendered":"Einf\u00fchrung in Peptide"},"content":{"rendered":"<div class=\"wp-block-wd-section color-scheme-light wd-00a649e0\">\n<div class=\"wp-block-wd-infobox wd-hover-parent wd-align wd-icon-top wd-97c1e16c\">\n<div class=\"wp-block-wd-icon wd-da2fe74c\"><img loading=\"lazy\" decoding=\"async\" width=\"569\" height=\"568\" class=\"wp-image-121\" src=\"https:\/\/azentraresearchlabs.com\/wp-content\/uploads\/2026\/03\/Azentra-White-Logo-Transparent.png\" alt=\"\" srcset=\"https:\/\/azentraresearchlabs.com\/wp-content\/uploads\/2026\/03\/Azentra-White-Logo-Transparent.png 569w, https:\/\/azentraresearchlabs.com\/wp-content\/uploads\/2026\/03\/Azentra-White-Logo-Transparent-150x150.png 150w, https:\/\/azentraresearchlabs.com\/wp-content\/uploads\/2026\/03\/Azentra-White-Logo-Transparent-300x300.png 300w\" sizes=\"auto, (max-width: 569px) 100vw, 569px\" \/><\/div>\n\n\n\n<div class=\"wp-block-wd-container wd-dir-col wd-d783ab75\">\n<h1 class=\"wp-block-wd-title title wd-6385af35\">Einf\u00fchrung in Peptide<\/h1>\n<\/div>\n<\/div>\n<\/div>\n\n\n<p data-start=\"206\" data-end=\"534\">Peptide sind kurze Aminos\u00e4ureketten, die als grundlegende Bestandteile biologischer Systeme dienen. Sie kommen nat\u00fcrlich vor und spielen eine Rolle bei verschiedenen zellul\u00e4ren Prozessen, einschlie\u00dflich Signalgebung, Regulierung und struktureller Funktionen. Aufgrund ihrer Vielseitigkeit werden Peptide in wissenschaftlichen und Laborumgebungen intensiv erforscht.<\/p>\n<h3 data-section-id=\"rwldnz\" data-start=\"536\" data-end=\"558\">Was sind Peptide?<\/h3>\n<p data-start=\"560\" data-end=\"847\">Peptide werden durch die Verkn\u00fcpfung von Aminos\u00e4uren durch Peptidbindungen gebildet und schaffen Strukturen, die in Gr\u00f6\u00dfe und Funktion variieren. Sie gelten als kleiner als Proteine, k\u00f6nnen aber hochspezifische Wechselwirkungen innerhalb biologischer Systeme aufweisen, was sie f\u00fcr gezielte Forschungsanwendungen wertvoll macht.<\/p>\n<h3 data-section-id=\"kuj1b8\" data-start=\"849\" data-end=\"879\">Rolle in biologischen Systemen<\/h3>\n<p data-start=\"881\" data-end=\"1190\">In Forschungsumgebungen werden Peptide verwendet, um komplexe biologische Signalwege wie Stoffwechsel, zellul\u00e4re Kommunikation und regulatorische Mechanismen zu erforschen. Ihre relativ einfache Struktur und gezielte Wechselwirkungen machen sie zu n\u00fctzlichen Werkzeugen, um zu untersuchen, wie verschiedene Systeme auf molekularer Ebene funktionieren.<\/p>\n<h3 data-section-id=\"1utjpq6\" data-start=\"1192\" data-end=\"1232\">Forschung und Laboranwendungen<\/h3>\n<p data-start=\"1234\" data-end=\"1494\">Forschungspeptide werden typischerweise mit kontrollierten Verfahren synthetisiert, um Konsistenz und Reinheit zu gew\u00e4hrleisten. Diese Verbindungen werden unter strukturierten Laborbedingungen eingesetzt, um analytische Studien, experimentelle Modelle und laufende wissenschaftliche Untersuchungen zu unterst\u00fctzen.<\/p>\n<h3 data-section-id=\"oigiel\" data-start=\"1496\" data-end=\"1529\">Peptidsynthese und Qualit\u00e4t<\/h3>\n<p data-start=\"1531\" data-end=\"1779\">Die Produktion von Forschungspetiden beinhaltet fortschrittliche Synthesetechniken und strenge Qualit\u00e4tskontrollma\u00dfnahmen. Dies stellt sicher, dass jede Verbindung eine konsistente Zusammensetzung beibeh\u00e4lt, was Reproduzierbarkeit und Zuverl\u00e4ssigkeit in Laborumgebungen erm\u00f6glicht.<\/p>\n<h3 data-section-id=\"1yankvu\" data-start=\"1781\" data-end=\"1817\">Fortschritte in der Peptidforschung<\/h3>\n<p data-start=\"1819\" data-end=\"2120\">Da das Interesse an der Peptidwissenschaft weiter w\u00e4chst, erforschen Forscher ihre Rollen in einer Vielzahl von Bereichen, darunter Zellbiologie, Biochemie und Molekularforschung. Ihre Anpassungsf\u00e4higkeit erm\u00f6glicht die gezielte Untersuchung spezifischer Signalwege und Wechselwirkungen innerhalb komplexer biologischer Systeme.<\/p>\n<p data-start=\"2122\" data-end=\"2191\">Entdecken Sie unser <a href=\"https:\/\/azentraresearchlabs.com\/de\/peptidkatalog\/\"><span style=\"color: #505ff9;\">Peptidkatalog<\/span><\/a> zur Ansicht verf\u00fcgbarer Forschungssubstanzen.<\/p>\n<p data-start=\"2122\" data-end=\"2191\"><em><strong>Alle erw\u00e4hnten Peptide sind nur f\u00fcr die Verwendung in Laboren bestimmt.<\/strong><\/em><\/p>","protected":false},"excerpt":{"rendered":"<p>Peptides are short chains of amino acids that serve as fundamental components in biological systems. They are naturally occurring and<\/p>","protected":false},"author":1,"featured_media":0,"parent":0,"menu_order":0,"comment_status":"closed","ping_status":"closed","template":"","meta":{"footnotes":""},"class_list":["post-745","page","type-page","status-publish","hentry"],"_links":{"self":[{"href":"https:\/\/azentraresearchlabs.com\/de\/wp-json\/wp\/v2\/pages\/745","targetHints":{"allow":["GET"]}}],"collection":[{"href":"https:\/\/azentraresearchlabs.com\/de\/wp-json\/wp\/v2\/pages"}],"about":[{"href":"https:\/\/azentraresearchlabs.com\/de\/wp-json\/wp\/v2\/types\/page"}],"author":[{"embeddable":true,"href":"https:\/\/azentraresearchlabs.com\/de\/wp-json\/wp\/v2\/users\/1"}],"replies":[{"embeddable":true,"href":"https:\/\/azentraresearchlabs.com\/de\/wp-json\/wp\/v2\/comments?post=745"}],"version-history":[{"count":7,"href":"https:\/\/azentraresearchlabs.com\/de\/wp-json\/wp\/v2\/pages\/745\/revisions"}],"predecessor-version":[{"id":770,"href":"https:\/\/azentraresearchlabs.com\/de\/wp-json\/wp\/v2\/pages\/745\/revisions\/770"}],"wp:attachment":[{"href":"https:\/\/azentraresearchlabs.com\/de\/wp-json\/wp\/v2\/media?parent=745"}],"curies":[{"name":"wp","href":"https:\/\/api.w.org\/{rel}","templated":true}]}}