{"id":445,"date":"2026-03-30T07:43:39","date_gmt":"2026-03-30T07:43:39","guid":{"rendered":"https:\/\/iszbjg1yp8.onrocket.site\/?page_id=445"},"modified":"2026-04-14T14:58:38","modified_gmt":"2026-04-14T14:58:38","slug":"uber","status":"publish","type":"page","link":"https:\/\/azentraresearchlabs.com\/de\/about\/","title":{"rendered":"\u00dcber"},"content":{"rendered":"<div class=\"wp-block-wd-section color-scheme-light wd-00a649e0\">\n<div class=\"wp-block-wd-infobox wd-hover-parent wd-align wd-icon-top wd-97c1e16c\">\n<div class=\"wp-block-wd-icon wd-da2fe74c\"><img loading=\"lazy\" decoding=\"async\" width=\"569\" height=\"568\" class=\"wp-image-121\" src=\"https:\/\/azentraresearchlabs.com\/wp-content\/uploads\/2026\/03\/Azentra-White-Logo-Transparent.png\" alt=\"\" srcset=\"https:\/\/azentraresearchlabs.com\/wp-content\/uploads\/2026\/03\/Azentra-White-Logo-Transparent.png 569w, https:\/\/azentraresearchlabs.com\/wp-content\/uploads\/2026\/03\/Azentra-White-Logo-Transparent-150x150.png 150w, https:\/\/azentraresearchlabs.com\/wp-content\/uploads\/2026\/03\/Azentra-White-Logo-Transparent-300x300.png 300w\" sizes=\"auto, (max-width: 569px) 100vw, 569px\" \/><\/div>\n\n\n\n<div class=\"wp-block-wd-container wd-dir-col wd-d783ab75\">\n<h1 class=\"wp-block-wd-title title wd-6385af35\">\u00dcber Azentra<\/h1>\n<\/div>\n<\/div>\n<\/div>\n\n\n\n<div class=\"wp-block-wd-row wd-d76f1e74\">\n<div class=\"wp-block-wd-column wd-d2a1361a\">\n<div class=\"wp-block-wd-cover wd-hover-parent wd-f4fbfa6f\"><div class=\"wd-block-cover-img\"><img loading=\"lazy\" decoding=\"async\" width=\"1024\" height=\"683\" src=\"https:\/\/azentraresearchlabs.com\/wp-content\/uploads\/2026\/03\/Azentra-Laboratories-Office.webp\" class=\"wp-image-456\" alt=\"\" srcset=\"https:\/\/azentraresearchlabs.com\/wp-content\/uploads\/2026\/03\/Azentra-Laboratories-Office.webp 1024w, https:\/\/azentraresearchlabs.com\/wp-content\/uploads\/2026\/03\/Azentra-Laboratories-Office-1000x667.webp 1000w, https:\/\/azentraresearchlabs.com\/wp-content\/uploads\/2026\/03\/Azentra-Laboratories-Office-150x100.webp 150w, https:\/\/azentraresearchlabs.com\/wp-content\/uploads\/2026\/03\/Azentra-Laboratories-Office-300x200.webp 300w, https:\/\/azentraresearchlabs.com\/wp-content\/uploads\/2026\/03\/Azentra-Laboratories-Office-768x512.webp 768w, https:\/\/azentraresearchlabs.com\/wp-content\/uploads\/2026\/03\/Azentra-Laboratories-Office-600x400.webp 600w\" sizes=\"auto, (max-width: 1024px) 100vw, 1024px\" \/><\/div>\n<div class=\"wp-block-wd-container wd-dir-col wd-05a7e772\"><\/div>\n<\/div>\n\n\n\n<p data-start=\"285\" data-end=\"693\">Azentra Research Laboratories ist ein forschungsorientiertes Labor, das sich der Weiterentwicklung des wissenschaftlichen Verst\u00e4ndnisses im Bereich der Peptidwissenschaft widmet. Wir f\u00f6rdern Innovationen in akademischen, pharmazeutischen und biotechnologischen Sektoren durch die Bereitstellung hochwertiger Forschungssubstanzen, die f\u00fcr kontrollierte Laboranwendungen konzipiert sind. Unsere Arbeit konzentriert sich auf Stoffwechselfunktionen, zellul\u00e4re Prozesse und regulatorische Wege innerhalb strukturierter Forschungsumgebungen.<\/p>\n<p data-start=\"695\" data-end=\"1127\">Mit einer starken Grundlage in der Peptidentwicklung ist Azentra auf die Synthese, Charakterisierung und analytische Validierung von Forschungspetiden spezialisiert. Jede Verbindung wird mit Pr\u00e4zision hergestellt, um Konsistenz, Reproduzierbarkeit und Zuverl\u00e4ssigkeit in einer Vielzahl von experimentellen Modellen zu unterst\u00fctzen. Unsere Prozesse sind darauf ausgelegt, modernen Forschungsstandards zu entsprechen, und stellen sicher, dass jedes Produkt strenge interne Qualit\u00e4tsma\u00dfst\u00e4be erf\u00fcllt.<\/p>\n<p data-start=\"1129\" data-end=\"1535\">Unsere Laboroperationen werden durch fortschrittliche Methoden und einen detailorientierten Ansatz zur Qualit\u00e4tskontrolle geleitet. Von der Auswahl der Rohmaterialien bis zur endg\u00fcltigen Formulierung implementieren wir strukturierte Protokolle, um Reinheit und Integrit\u00e4t in jeder Produktionsphase zu gew\u00e4hrleisten. Dies erm\u00f6glicht es Forschern, bei komplexen Studien mit Multi-Pathway-Interaktionen und biologischen Systemen mit Zuversicht zu arbeiten.<\/p>\n<p data-start=\"1537\" data-end=\"1932\">Bei Azentra erkennen wir die Bedeutung von Genauigkeit und Konsistenz in der wissenschaftlichen Forschung. Unser Team hat sich verpflichtet, die sich entwickelnden Bed\u00fcrfnisse der Forschungsgemeinschaft zu unterst\u00fctzen, indem wir unsere Prozesse kontinuierlich verfeinern und einen hohen Standard an Produktzuverl\u00e4ssigkeit aufrechterhalten. Wir streben danach, zu den laufenden Forschungsbem\u00fchungen beizutragen, indem wir zuverl\u00e4ssige Materialien anbieten, die f\u00fcr kontrollierte und professionelle Anwendungszwecke geeignet sind.<\/p>\n<p data-start=\"1934\" data-end=\"2216\">Durch den Fokus auf Innovation, Pr\u00e4zision und Zusammenarbeit strebt Azentra danach, ein vertrauensw\u00fcrdiger Partner in der Peptidforschung zu sein. Unsere Mission ist es, wissenschaftlichen Fortschritt zu unterst\u00fctzen, indem wir gut charakterisierte Forschungssubstanzen liefern, die den Anforderungen moderner Laborumgebungen entsprechen.<\/p>\n<\/div>\n<\/div>","protected":false},"excerpt":{"rendered":"","protected":false},"author":1,"featured_media":0,"parent":0,"menu_order":0,"comment_status":"closed","ping_status":"closed","template":"","meta":{"footnotes":""},"class_list":["post-445","page","type-page","status-publish","hentry"],"_links":{"self":[{"href":"https:\/\/azentraresearchlabs.com\/de\/wp-json\/wp\/v2\/pages\/445","targetHints":{"allow":["GET"]}}],"collection":[{"href":"https:\/\/azentraresearchlabs.com\/de\/wp-json\/wp\/v2\/pages"}],"about":[{"href":"https:\/\/azentraresearchlabs.com\/de\/wp-json\/wp\/v2\/types\/page"}],"author":[{"embeddable":true,"href":"https:\/\/azentraresearchlabs.com\/de\/wp-json\/wp\/v2\/users\/1"}],"replies":[{"embeddable":true,"href":"https:\/\/azentraresearchlabs.com\/de\/wp-json\/wp\/v2\/comments?post=445"}],"version-history":[{"count":6,"href":"https:\/\/azentraresearchlabs.com\/de\/wp-json\/wp\/v2\/pages\/445\/revisions"}],"predecessor-version":[{"id":887,"href":"https:\/\/azentraresearchlabs.com\/de\/wp-json\/wp\/v2\/pages\/445\/revisions\/887"}],"wp:attachment":[{"href":"https:\/\/azentraresearchlabs.com\/de\/wp-json\/wp\/v2\/media?parent=445"}],"curies":[{"name":"wp","href":"https:\/\/api.w.org\/{rel}","templated":true}]}}