{"id":1042,"date":"2026-04-21T16:18:48","date_gmt":"2026-04-21T16:18:48","guid":{"rendered":"https:\/\/azentraresearchlabs.com\/disclaimer\/"},"modified":"2026-04-27T10:09:08","modified_gmt":"2026-04-27T10:09:08","slug":"haftungsausschluss","status":"publish","type":"page","link":"https:\/\/azentraresearchlabs.com\/de\/disclaimer\/","title":{"rendered":"Haftungsausschluss"},"content":{"rendered":"<div class=\"wp-block-wd-section color-scheme-light wd-00a649e0\">\n<div class=\"wp-block-wd-infobox wd-hover-parent wd-align wd-icon-top wd-97c1e16c\">\n<div class=\"wp-block-wd-icon wd-da2fe74c\"><img loading=\"lazy\" decoding=\"async\" width=\"569\" height=\"568\" class=\"wp-image-121\" src=\"https:\/\/azentraresearchlabs.com\/wp-content\/uploads\/2026\/03\/Azentra-White-Logo-Transparent.png\" alt=\"\" srcset=\"https:\/\/azentraresearchlabs.com\/wp-content\/uploads\/2026\/03\/Azentra-White-Logo-Transparent.png 569w, https:\/\/azentraresearchlabs.com\/wp-content\/uploads\/2026\/03\/Azentra-White-Logo-Transparent-150x150.png 150w, https:\/\/azentraresearchlabs.com\/wp-content\/uploads\/2026\/03\/Azentra-White-Logo-Transparent-300x300.png 300w\" sizes=\"auto, (max-width: 569px) 100vw, 569px\" \/><\/div>\n\n\n\n<div class=\"wp-block-wd-container wd-dir-col wd-d783ab75\">\n<h1 class=\"wp-block-wd-title title wd-6385af35\">Haftungsausschluss<\/h1>\n<\/div>\n<\/div>\n<\/div>\n\n\n\n<div class=\"wp-block-wd-container wd-dir-col wd-749366bf wd-custom-width\">\n<!-- Legal document generated by Complianz | GDPR\/CCPA Cookie Consent https:\/\/wordpress.org\/plugins\/complianz-gdpr -->\n<div id=\"cmplz-document\" class=\"cmplz-document disclaimer cmplz-document-all\"><p>AZRL LTD ist verpflichtet, diese Website aktuell und pr\u00e4zise zu halten. Solltest du dennoch auf etwas sto\u00dfen, das veraltet oder fehlerhaft ist, w\u00fcrden wir es sehr sch\u00e4tzen, wenn du uns darauf aufmerksam machst. Bitte gib an, wo auf der Seite du die Information gefunden hast. Wir werden uns dann so schnell wie m\u00f6glich darum k\u00fcmmern. Bitte sende dein Feedback an: <span class=\"cmplz-obfuscate\">Kontakt@<span class=\"cmplz-fmail-domain\">&#101;&#120;.&#099;&#111;m<\/span>&#097;&#122;&#101;nt&#114;a&#114;e&#115;ea&#114;chlabs&#046;&#099;&#111;&#109;<\/span>.<\/p><p>Wir \u00fcbernehmen keine Haftung f\u00fcr Verluste, die sich aus Ungenauigkeiten oder Unvollst\u00e4ndigkeiten ergeben, noch f\u00fcr Verluste oder die Verbreitung von Informationen \u00fcber das Internet, wie St\u00f6rungen oder Unterbrechungen. Bei der Verwendung von Internetformularen streben wir danach, die Anzahl der ben\u00f6tigten Felder zu minimieren. F\u00fcr jegliche Verluste, die sich aus der Verwendung von von AZRL LTD empfohlenen oder stammenden Daten, Hinweisen oder Ideen ergeben, \u00fcbernimmt AZRL LTD keine Haftung.<\/p><p>Die Nutzung der Webseite und all ihrer Teile (einschlie\u00dflich Foren) unterliegt den <a href=\"https:\/\/azentraresearchlabs.com\/de\/allgemeine-geschaftsbedingungen\/\" target=\"_blank\">Nutzungsbedingungen<\/a>. Bereits die Verwendung der Website impliziert das Wissen und die Akzeptanz dieser Nutzungsbedingungen.<\/p><p>Alle personenbezogenen Daten, die Sie uns im Rahmen Ihrer Antwort oder Anfrage zur Verf\u00fcgung stellen, werden ausschlie\u00dflich gem\u00e4\u00df unserer Datenschutzerkl\u00e4rung verwendet.<\/p><p>AZRL LTD \u00fcbernimmt keine Verantwortung f\u00fcr den Inhalt von Websites, zu denen oder von denen ein Hyperlink oder ein anderer Verweis f\u00fchrt. Produkte oder Dienstleistungen, die von Drittanbietern angeboten werden, werden nach den entsprechenden Bedingungen und Konditionen dieser Drittanbieter behandelt.<\/p><p>Alle geistigen Eigentumsrechte an den Inhalten dieser Website geh\u00f6ren AZRL LTD.<\/p><p>Das Kopieren, Verbreiten oder jede andere Nutzung dieses Materials ist ohne die schriftliche Erlaubnis von AZRL LTD nicht gestattet, sofern nicht durch geltendes Recht anders vorgesehen oder ausgenommen (wie z. B. das Recht zur Zitierung), es sei denn, der spezifische Inhalt gibt etwas anderes an.<\/p><p>Wenn Sie Fragen oder Probleme bez\u00fcglich der Verf\u00fcgbarkeit der Website haben, z\u00f6gern Sie bitte nicht, uns zu kontaktieren.<\/p><\/div>\n\n\n<h3>Nur f\u00fcr Forschungszwecke<\/h3>\n\n<p>Alle auf dieser Website verf\u00fcgbaren Produkte sind ausschlie\u00dflich f\u00fcr Forschungs- und Laborzwecke bestimmt. Sie sind nicht f\u00fcr den menschlichen Verzehr, medizinische Zwecke oder therapeutische Anwendungen bestimmt. Diese Produkte d\u00fcrfen nur von qualifiziertem Fachpersonal in kontrollierten Laborumgebungen gehandhabt werden.<\/p>\n\n<p>AZRL LTD f\u00f6rdert oder duldet nicht die Verwendung von Produkten f\u00fcr andere Zwecke als die legitime wissenschaftliche Forschung. Durch den Kauf auf dieser Website erkennen Sie an, dass Sie sich der Beschaffenheit der Produkte bewusst sind und stimmen deren Verwendung gem\u00e4\u00df allen geltenden Gesetzen und Vorschriften zu.<\/p>\n\n<p>Es liegt in der Verantwortung des Kunden sicherzustellen, dass die Nutzung, Handhabung und Lagerung aller auf dieser Website erworbenen Produkte den lokalen Gesetzen und Vorschriften in seinem Zust\u00e4ndigkeitsbereich entsprechen.<\/p>\n<\/div>","protected":false},"excerpt":{"rendered":"","protected":false},"author":1,"featured_media":0,"parent":0,"menu_order":0,"comment_status":"closed","ping_status":"closed","template":"","meta":{"footnotes":""},"class_list":["post-1042","page","type-page","status-publish","hentry"],"_links":{"self":[{"href":"https:\/\/azentraresearchlabs.com\/de\/wp-json\/wp\/v2\/pages\/1042","targetHints":{"allow":["GET"]}}],"collection":[{"href":"https:\/\/azentraresearchlabs.com\/de\/wp-json\/wp\/v2\/pages"}],"about":[{"href":"https:\/\/azentraresearchlabs.com\/de\/wp-json\/wp\/v2\/types\/page"}],"author":[{"embeddable":true,"href":"https:\/\/azentraresearchlabs.com\/de\/wp-json\/wp\/v2\/users\/1"}],"replies":[{"embeddable":true,"href":"https:\/\/azentraresearchlabs.com\/de\/wp-json\/wp\/v2\/comments?post=1042"}],"version-history":[{"count":2,"href":"https:\/\/azentraresearchlabs.com\/de\/wp-json\/wp\/v2\/pages\/1042\/revisions"}],"predecessor-version":[{"id":1127,"href":"https:\/\/azentraresearchlabs.com\/de\/wp-json\/wp\/v2\/pages\/1042\/revisions\/1127"}],"wp:attachment":[{"href":"https:\/\/azentraresearchlabs.com\/de\/wp-json\/wp\/v2\/media?parent=1042"}],"curies":[{"name":"wp","href":"https:\/\/api.w.org\/{rel}","templated":true}]}}